{"id":54070,"date":"2026-01-14T10:50:22","date_gmt":"2026-01-14T09:50:22","guid":{"rendered":"https:\/\/dmd.eu\/?post_type=product&#038;p=54070"},"modified":"2026-02-23T10:46:47","modified_gmt":"2026-02-23T09:46:47","slug":"parallel","status":"publish","type":"product","link":"https:\/\/dmd.eu\/de\/prodotto\/handmade-motorradhelme\/parallel\/","title":{"rendered":"PARALLEL"},"content":{"rendered":"<p>Der <strong>Integralhelm Handmade Parallel<\/strong> ist ein charakteristisches Modell der Handmade-Kollektion, vollst\u00e4ndig handlackiert, um eine einzigartige Grafik mit kompromissloser Handwerkskunst zu gew\u00e4hrleisten. Mit seinem dynamischen geometrischen Design zeichnet er sich durch den Kontrast zwischen der intensiven blauen Basis und cremefarbenen Details in unregelm\u00e4\u00dfigen Mustern aus und erzeugt so einen modernen und originellen Effekt, der alle Blicke auf sich zieht. Dank der Handarbeit ist jeder Helm ein exklusives Einzelst\u00fcck. Mit kompaktem Design und zeitgem\u00e4\u00dfem Stil ist Parallel f\u00fcr alle gedacht, die mit einem markanten Look auffallen m\u00f6chten, ohne auf Komfort und Schutz zu verzichten.<br \/>\nMatte Lackierung.<br \/>\nHergestellt in Italien, mit Leidenschaft.<\/p>\n","protected":false},"excerpt":{"rendered":"<p>Der Integralhelm Handmade Parallel ist ein charakteristisches Modell der Handmade-Kollektion, vollst\u00e4ndig handlackiert, um eine einzigartige Grafik mit kompromissloser Handwerkskunst zu gew\u00e4hrleisten. Mit seinem dynamischen geometrischen Design zeichnet er sich durch den Kontrast zwischen der intensiven blauen Basis und cremefarbenen Details in unregelm\u00e4\u00dfigen Mustern aus und erzeugt so einen modernen und originellen Effekt, der alle Blicke [&hellip;]<\/p>\n","protected":false},"featured_media":54085,"comment_status":"closed","ping_status":"closed","template":"","meta":{"_acf_changed":false},"product_brand":[],"product_cat":[107],"product_tag":[],"giftcard-category":[],"class_list":{"0":"post-54070","1":"product","2":"type-product","3":"status-publish","4":"has-post-thumbnail","6":"product_cat-handmade-motorradhelme","8":"first","9":"instock","10":"taxable","11":"shipping-taxable","12":"purchasable","13":"product-type-variable"},"acf":[],"jetpack_sharing_enabled":true,"_links":{"self":[{"href":"https:\/\/dmd.eu\/de\/wp-json\/wp\/v2\/product\/54070","targetHints":{"allow":["GET"]}}],"collection":[{"href":"https:\/\/dmd.eu\/de\/wp-json\/wp\/v2\/product"}],"about":[{"href":"https:\/\/dmd.eu\/de\/wp-json\/wp\/v2\/types\/product"}],"replies":[{"embeddable":true,"href":"https:\/\/dmd.eu\/de\/wp-json\/wp\/v2\/comments?post=54070"}],"wp:featuredmedia":[{"embeddable":true,"href":"https:\/\/dmd.eu\/de\/wp-json\/wp\/v2\/media\/54085"}],"wp:attachment":[{"href":"https:\/\/dmd.eu\/de\/wp-json\/wp\/v2\/media?parent=54070"}],"wp:term":[{"taxonomy":"product_brand","embeddable":true,"href":"https:\/\/dmd.eu\/de\/wp-json\/wp\/v2\/product_brand?post=54070"},{"taxonomy":"product_cat","embeddable":true,"href":"https:\/\/dmd.eu\/de\/wp-json\/wp\/v2\/product_cat?post=54070"},{"taxonomy":"product_tag","embeddable":true,"href":"https:\/\/dmd.eu\/de\/wp-json\/wp\/v2\/product_tag?post=54070"},{"taxonomy":"giftcard-category","embeddable":true,"href":"https:\/\/dmd.eu\/de\/wp-json\/wp\/v2\/giftcard-category?post=54070"}],"curies":[{"name":"wp","href":"https:\/\/api.w.org\/{rel}","templated":true}]}}