{"id":53996,"date":"2026-01-14T10:39:37","date_gmt":"2026-01-14T09:39:37","guid":{"rendered":"https:\/\/dmd.eu\/?post_type=product&#038;p=53996"},"modified":"2026-02-23T10:45:56","modified_gmt":"2026-02-23T09:45:56","slug":"turtle","status":"publish","type":"product","link":"https:\/\/dmd.eu\/de\/prodotto\/handmade-motorradhelme\/turtle\/","title":{"rendered":"TURTLE"},"content":{"rendered":"<p>Der <strong>Integralhelm Handmade<\/strong> <strong>Turtle<\/strong> ist ein exklusives Modell der Handmade-Kollektion, vollst\u00e4ndig handgefertigt und handlackiert, um ein einzigartiges Produkt mit &#8222;gebrauchtem\u201c Charakter zu schaffen. Sein besonderes Merkmal ist die spezielle Crackle-Lackierung, die eine unregelm\u00e4\u00dfige, strukturierte Oberfl\u00e4che erzeugt, die an einen Schildkr\u00f6tenpanzer erinnert. Ein handwerkliches Detail, das der Helmschale Tiefe und Charakter verleiht und jeden Helm zu einem Unikat macht.<br \/>\nMit klassischem Stil und Vintage-Charakter vereint Turtle raffinierte \u00c4sthetik mit handwerklicher Sorgfalt und bietet gleichzeitig Komfort, Schutz und kompromisslosen Stil eines Integralhelms.<br \/>\nMit Crackle-Lackierung gefertigt.<br \/>\nHergestellt in Italien, mit Leidenschaft.<\/p>\n","protected":false},"excerpt":{"rendered":"<p>Der Integralhelm Handmade Turtle ist ein exklusives Modell der Handmade-Kollektion, vollst\u00e4ndig handgefertigt und handlackiert, um ein einzigartiges Produkt mit &#8222;gebrauchtem\u201c Charakter zu schaffen. Sein besonderes Merkmal ist die spezielle Crackle-Lackierung, die eine unregelm\u00e4\u00dfige, strukturierte Oberfl\u00e4che erzeugt, die an einen Schildkr\u00f6tenpanzer erinnert. Ein handwerkliches Detail, das der Helmschale Tiefe und Charakter verleiht und jeden Helm zu [&hellip;]<\/p>\n","protected":false},"featured_media":54020,"comment_status":"closed","ping_status":"closed","template":"","meta":{"_acf_changed":false},"product_brand":[],"product_cat":[107],"product_tag":[],"giftcard-category":[],"class_list":{"0":"post-53996","1":"product","2":"type-product","3":"status-publish","4":"has-post-thumbnail","6":"product_cat-handmade-motorradhelme","8":"first","9":"instock","10":"taxable","11":"shipping-taxable","12":"purchasable","13":"product-type-variable"},"acf":[],"jetpack_sharing_enabled":true,"_links":{"self":[{"href":"https:\/\/dmd.eu\/de\/wp-json\/wp\/v2\/product\/53996","targetHints":{"allow":["GET"]}}],"collection":[{"href":"https:\/\/dmd.eu\/de\/wp-json\/wp\/v2\/product"}],"about":[{"href":"https:\/\/dmd.eu\/de\/wp-json\/wp\/v2\/types\/product"}],"replies":[{"embeddable":true,"href":"https:\/\/dmd.eu\/de\/wp-json\/wp\/v2\/comments?post=53996"}],"wp:featuredmedia":[{"embeddable":true,"href":"https:\/\/dmd.eu\/de\/wp-json\/wp\/v2\/media\/54020"}],"wp:attachment":[{"href":"https:\/\/dmd.eu\/de\/wp-json\/wp\/v2\/media?parent=53996"}],"wp:term":[{"taxonomy":"product_brand","embeddable":true,"href":"https:\/\/dmd.eu\/de\/wp-json\/wp\/v2\/product_brand?post=53996"},{"taxonomy":"product_cat","embeddable":true,"href":"https:\/\/dmd.eu\/de\/wp-json\/wp\/v2\/product_cat?post=53996"},{"taxonomy":"product_tag","embeddable":true,"href":"https:\/\/dmd.eu\/de\/wp-json\/wp\/v2\/product_tag?post=53996"},{"taxonomy":"giftcard-category","embeddable":true,"href":"https:\/\/dmd.eu\/de\/wp-json\/wp\/v2\/giftcard-category?post=53996"}],"curies":[{"name":"wp","href":"https:\/\/api.w.org\/{rel}","templated":true}]}}