{"id":53842,"date":"2026-01-14T10:11:50","date_gmt":"2026-01-14T09:11:50","guid":{"rendered":"https:\/\/dmd.eu\/?post_type=product&#038;p=53842"},"modified":"2026-02-23T10:48:17","modified_gmt":"2026-02-23T09:48:17","slug":"league","status":"publish","type":"product","link":"https:\/\/dmd.eu\/de\/prodotto\/handmade-motorradhelme\/league\/","title":{"rendered":"LEAGUE"},"content":{"rendered":"<p>Der <strong>Jet-Helm Handmade League<\/strong> zeichnet sich durch einen vom Rennsport inspirierten Stil aus. Er ist vollst\u00e4ndig handlackiert und erh\u00e4lt durch eine spezielle Lackierung einen \u201egebrauchten\u201c Effekt. Auf matter blauer Basis gefertigt, wird dieses Modell durch einen zentralen gelben Streifen gepr\u00e4gt, der sich \u00fcber die Helmschale zieht und einen starken, sofort erkennbaren Kontrast schafft. Der League Jethelm bietet Komfort, Leichtigkeit und Kompaktheit \u2013 typische Eigenschaften eines DMD Jethelms \u2013 ideal f\u00fcr den t\u00e4glichen Gebrauch, ohne auf Stil und Pers\u00f6nlichkeit zu verzichten.<br \/>\nMatte Lackierung.<\/p>\n","protected":false},"excerpt":{"rendered":"<p>Der Jet-Helm Handmade League zeichnet sich durch einen vom Rennsport inspirierten Stil aus. Er ist vollst\u00e4ndig handlackiert und erh\u00e4lt durch eine spezielle Lackierung einen \u201egebrauchten\u201c Effekt. Auf matter blauer Basis gefertigt, wird dieses Modell durch einen zentralen gelben Streifen gepr\u00e4gt, der sich \u00fcber die Helmschale zieht und einen starken, sofort erkennbaren Kontrast schafft. Der League [&hellip;]<\/p>\n","protected":false},"featured_media":53862,"comment_status":"closed","ping_status":"closed","template":"","meta":{"_acf_changed":false},"product_brand":[],"product_cat":[107],"product_tag":[],"giftcard-category":[],"class_list":{"0":"post-53842","1":"product","2":"type-product","3":"status-publish","4":"has-post-thumbnail","6":"product_cat-handmade-motorradhelme","8":"first","9":"instock","10":"taxable","11":"shipping-taxable","12":"purchasable","13":"product-type-variable"},"acf":[],"jetpack_sharing_enabled":true,"_links":{"self":[{"href":"https:\/\/dmd.eu\/de\/wp-json\/wp\/v2\/product\/53842","targetHints":{"allow":["GET"]}}],"collection":[{"href":"https:\/\/dmd.eu\/de\/wp-json\/wp\/v2\/product"}],"about":[{"href":"https:\/\/dmd.eu\/de\/wp-json\/wp\/v2\/types\/product"}],"replies":[{"embeddable":true,"href":"https:\/\/dmd.eu\/de\/wp-json\/wp\/v2\/comments?post=53842"}],"wp:featuredmedia":[{"embeddable":true,"href":"https:\/\/dmd.eu\/de\/wp-json\/wp\/v2\/media\/53862"}],"wp:attachment":[{"href":"https:\/\/dmd.eu\/de\/wp-json\/wp\/v2\/media?parent=53842"}],"wp:term":[{"taxonomy":"product_brand","embeddable":true,"href":"https:\/\/dmd.eu\/de\/wp-json\/wp\/v2\/product_brand?post=53842"},{"taxonomy":"product_cat","embeddable":true,"href":"https:\/\/dmd.eu\/de\/wp-json\/wp\/v2\/product_cat?post=53842"},{"taxonomy":"product_tag","embeddable":true,"href":"https:\/\/dmd.eu\/de\/wp-json\/wp\/v2\/product_tag?post=53842"},{"taxonomy":"giftcard-category","embeddable":true,"href":"https:\/\/dmd.eu\/de\/wp-json\/wp\/v2\/giftcard-category?post=53842"}],"curies":[{"name":"wp","href":"https:\/\/api.w.org\/{rel}","templated":true}]}}