{"id":53376,"date":"2026-01-07T17:17:42","date_gmt":"2026-01-07T16:17:42","guid":{"rendered":"https:\/\/dmd.eu\/?post_type=product&#038;p=53376"},"modified":"2026-03-29T00:05:43","modified_gmt":"2026-03-28T23:05:43","slug":"p1-cream","status":"publish","type":"product","link":"https:\/\/dmd.eu\/de\/prodotto\/jet-helme\/p1-helme\/p1-cream\/","title":{"rendered":"P1 CREAM"},"content":{"rendered":"<p>Der <strong>P1 Cream Helm<\/strong> ist ein <strong>Demi-Jet-Modell<\/strong> mit kompakter Schale und gl\u00e4nzender Lackierung. Die einfarbige cremefarbe macht ihn unverwechselbar und leicht kombinierbar.<br \/>\nEntwickelt f\u00fcr alle, die einen bequemen und sicheren Helm suchen, geeignet f\u00fcr den urbanen Gebrauch. Zugelassen nach der europ\u00e4ischen Norm ECE 22.06.<\/p>\n","protected":false},"excerpt":{"rendered":"<p>Der P1 Cream Helm ist ein Demi-Jet-Modell mit kompakter Schale und gl\u00e4nzender Lackierung. Die einfarbige cremefarbe macht ihn unverwechselbar und leicht kombinierbar. Entwickelt f\u00fcr alle, die einen bequemen und sicheren Helm suchen, geeignet f\u00fcr den urbanen Gebrauch. Zugelassen nach der europ\u00e4ischen Norm ECE 22.06.<\/p>\n","protected":false},"featured_media":53386,"comment_status":"closed","ping_status":"closed","template":"","meta":{"_acf_changed":false},"product_brand":[],"product_cat":[121,125],"product_tag":[],"giftcard-category":[],"class_list":{"0":"post-53376","1":"product","2":"type-product","3":"status-publish","4":"has-post-thumbnail","6":"product_cat-jet-helme","7":"product_cat-p1-helme","9":"first","10":"instock","11":"taxable","12":"shipping-taxable","13":"purchasable","14":"product-type-variable"},"acf":[],"jetpack_sharing_enabled":true,"_links":{"self":[{"href":"https:\/\/dmd.eu\/de\/wp-json\/wp\/v2\/product\/53376","targetHints":{"allow":["GET"]}}],"collection":[{"href":"https:\/\/dmd.eu\/de\/wp-json\/wp\/v2\/product"}],"about":[{"href":"https:\/\/dmd.eu\/de\/wp-json\/wp\/v2\/types\/product"}],"replies":[{"embeddable":true,"href":"https:\/\/dmd.eu\/de\/wp-json\/wp\/v2\/comments?post=53376"}],"wp:featuredmedia":[{"embeddable":true,"href":"https:\/\/dmd.eu\/de\/wp-json\/wp\/v2\/media\/53386"}],"wp:attachment":[{"href":"https:\/\/dmd.eu\/de\/wp-json\/wp\/v2\/media?parent=53376"}],"wp:term":[{"taxonomy":"product_brand","embeddable":true,"href":"https:\/\/dmd.eu\/de\/wp-json\/wp\/v2\/product_brand?post=53376"},{"taxonomy":"product_cat","embeddable":true,"href":"https:\/\/dmd.eu\/de\/wp-json\/wp\/v2\/product_cat?post=53376"},{"taxonomy":"product_tag","embeddable":true,"href":"https:\/\/dmd.eu\/de\/wp-json\/wp\/v2\/product_tag?post=53376"},{"taxonomy":"giftcard-category","embeddable":true,"href":"https:\/\/dmd.eu\/de\/wp-json\/wp\/v2\/giftcard-category?post=53376"}],"curies":[{"name":"wp","href":"https:\/\/api.w.org\/{rel}","templated":true}]}}