{"id":53091,"date":"2026-01-07T15:41:53","date_gmt":"2026-01-07T14:41:53","guid":{"rendered":"https:\/\/dmd.eu\/?post_type=product&#038;p=53091"},"modified":"2026-02-20T11:29:43","modified_gmt":"2026-02-20T10:29:43","slug":"rivale-carbon","status":"publish","type":"product","link":"https:\/\/dmd.eu\/de\/prodotto\/integralhelme\/rivale-integralhelme-06\/rivale-carbon\/","title":{"rendered":"RIVALE CARBON"},"content":{"rendered":"<p>Der <strong>Integralhelm Rivale Carbon<\/strong> steht f\u00fcr Exzellenz in Bezug auf Leichtigkeit, Widerstandsf\u00e4higkeit und Performance. Vollst\u00e4ndig aus sichtbarem Carbon gefertigt, vereint er fortschrittliche Technologie mit einem klaren Design und betont durch die gl\u00e4nzende Oberfl\u00e4che die nat\u00fcrliche Struktur des Materials. Jede Helmschale weist eine individuelle Textur auf \u2013 ein Zeichen h\u00f6chster technischer Qualit\u00e4t und Verarbeitung.<br \/>\nEin Integralhelm f\u00fcr alle, die maximale Sicherheit, Technologie und Racing-Stil ohne Kompromisse suchen.<br \/>\nMit gl\u00e4nzender Lackierung gefertigt.<br \/>\nHergestellt in Italien, mit Leidenschaft.<\/p>\n","protected":false},"excerpt":{"rendered":"<p>Der Integralhelm Rivale Carbon steht f\u00fcr Exzellenz in Bezug auf Leichtigkeit, Widerstandsf\u00e4higkeit und Performance. Vollst\u00e4ndig aus sichtbarem Carbon gefertigt, vereint er fortschrittliche Technologie mit einem klaren Design und betont durch die gl\u00e4nzende Oberfl\u00e4che die nat\u00fcrliche Struktur des Materials. Jede Helmschale weist eine individuelle Textur auf \u2013 ein Zeichen h\u00f6chster technischer Qualit\u00e4t und Verarbeitung. Ein Integralhelm [&hellip;]<\/p>\n","protected":false},"featured_media":53100,"comment_status":"closed","ping_status":"closed","template":"","meta":{"_acf_changed":false},"product_brand":[],"product_cat":[130,1289],"product_tag":[],"giftcard-category":[],"class_list":{"0":"post-53091","1":"product","2":"type-product","3":"status-publish","4":"has-post-thumbnail","6":"product_cat-integralhelme","7":"product_cat-rivale-integralhelme-06","9":"first","10":"instock","11":"taxable","12":"shipping-taxable","13":"purchasable","14":"product-type-variable"},"acf":[],"jetpack_sharing_enabled":true,"_links":{"self":[{"href":"https:\/\/dmd.eu\/de\/wp-json\/wp\/v2\/product\/53091","targetHints":{"allow":["GET"]}}],"collection":[{"href":"https:\/\/dmd.eu\/de\/wp-json\/wp\/v2\/product"}],"about":[{"href":"https:\/\/dmd.eu\/de\/wp-json\/wp\/v2\/types\/product"}],"replies":[{"embeddable":true,"href":"https:\/\/dmd.eu\/de\/wp-json\/wp\/v2\/comments?post=53091"}],"wp:featuredmedia":[{"embeddable":true,"href":"https:\/\/dmd.eu\/de\/wp-json\/wp\/v2\/media\/53100"}],"wp:attachment":[{"href":"https:\/\/dmd.eu\/de\/wp-json\/wp\/v2\/media?parent=53091"}],"wp:term":[{"taxonomy":"product_brand","embeddable":true,"href":"https:\/\/dmd.eu\/de\/wp-json\/wp\/v2\/product_brand?post=53091"},{"taxonomy":"product_cat","embeddable":true,"href":"https:\/\/dmd.eu\/de\/wp-json\/wp\/v2\/product_cat?post=53091"},{"taxonomy":"product_tag","embeddable":true,"href":"https:\/\/dmd.eu\/de\/wp-json\/wp\/v2\/product_tag?post=53091"},{"taxonomy":"giftcard-category","embeddable":true,"href":"https:\/\/dmd.eu\/de\/wp-json\/wp\/v2\/giftcard-category?post=53091"}],"curies":[{"name":"wp","href":"https:\/\/api.w.org\/{rel}","templated":true}]}}