{"id":53025,"date":"2026-01-07T15:34:31","date_gmt":"2026-01-07T14:34:31","guid":{"rendered":"https:\/\/dmd.eu\/?post_type=product&#038;p=53025"},"modified":"2026-04-17T16:12:19","modified_gmt":"2026-04-17T14:12:19","slug":"rivale-red-eye","status":"publish","type":"product","link":"https:\/\/dmd.eu\/de\/prodotto\/integralhelme\/rivale-integralhelme-06\/rivale-red-eye\/","title":{"rendered":"RIVALE RED EYE"},"content":{"rendered":"<p>Der <strong>Integralhelm Rivale Red Eye<\/strong> wurde f\u00fcr alle entwickelt, die einen aggressiven Stil suchen und auf zwei R\u00e4dern auffallen m\u00f6chten.<br \/>\nMit seinem kompakten und sportlichen Design besticht dieses Modell durch eine intensive rote Grafik, die sich wie eine Energieexplosion auf der gl\u00e4nzend schwarzen Basis ausbreitet und einen starken, dynamischen Kontrast schafft.<br \/>\nEr wurde f\u00fcr Komfort und Schutz konzipiert und bietet auch bei l\u00e4ngerer Nutzung eine optimale, eng anliegende Passform.<br \/>\nMit gl\u00e4nzender Lackierung gefertigt.<br \/>\nHergestellt in Italien, mit Leidenschaft.<\/p>\n<p>&nbsp;<\/p>\n","protected":false},"excerpt":{"rendered":"<p>Der Integralhelm Rivale Red Eye wurde f\u00fcr alle entwickelt, die einen aggressiven Stil suchen und auf zwei R\u00e4dern auffallen m\u00f6chten. Mit seinem kompakten und sportlichen Design besticht dieses Modell durch eine intensive rote Grafik, die sich wie eine Energieexplosion auf der gl\u00e4nzend schwarzen Basis ausbreitet und einen starken, dynamischen Kontrast schafft. Er wurde f\u00fcr Komfort [&hellip;]<\/p>\n","protected":false},"featured_media":55578,"comment_status":"closed","ping_status":"closed","template":"","meta":{"_acf_changed":false},"product_brand":[],"product_cat":[130,1289,4781],"product_tag":[],"giftcard-category":[],"class_list":{"0":"post-53025","1":"product","2":"type-product","3":"status-publish","4":"has-post-thumbnail","6":"product_cat-integralhelme","7":"product_cat-rivale-integralhelme-06","8":"product_cat-vorbestellung-vip","10":"first","11":"instock","12":"taxable","13":"shipping-taxable","14":"purchasable","15":"product-type-variable"},"acf":[],"jetpack_sharing_enabled":true,"_links":{"self":[{"href":"https:\/\/dmd.eu\/de\/wp-json\/wp\/v2\/product\/53025","targetHints":{"allow":["GET"]}}],"collection":[{"href":"https:\/\/dmd.eu\/de\/wp-json\/wp\/v2\/product"}],"about":[{"href":"https:\/\/dmd.eu\/de\/wp-json\/wp\/v2\/types\/product"}],"replies":[{"embeddable":true,"href":"https:\/\/dmd.eu\/de\/wp-json\/wp\/v2\/comments?post=53025"}],"wp:featuredmedia":[{"embeddable":true,"href":"https:\/\/dmd.eu\/de\/wp-json\/wp\/v2\/media\/55578"}],"wp:attachment":[{"href":"https:\/\/dmd.eu\/de\/wp-json\/wp\/v2\/media?parent=53025"}],"wp:term":[{"taxonomy":"product_brand","embeddable":true,"href":"https:\/\/dmd.eu\/de\/wp-json\/wp\/v2\/product_brand?post=53025"},{"taxonomy":"product_cat","embeddable":true,"href":"https:\/\/dmd.eu\/de\/wp-json\/wp\/v2\/product_cat?post=53025"},{"taxonomy":"product_tag","embeddable":true,"href":"https:\/\/dmd.eu\/de\/wp-json\/wp\/v2\/product_tag?post=53025"},{"taxonomy":"giftcard-category","embeddable":true,"href":"https:\/\/dmd.eu\/de\/wp-json\/wp\/v2\/giftcard-category?post=53025"}],"curies":[{"name":"wp","href":"https:\/\/api.w.org\/{rel}","templated":true}]}}