{"id":52610,"date":"2026-01-07T11:42:35","date_gmt":"2026-01-07T10:42:35","guid":{"rendered":"https:\/\/dmd.eu\/?post_type=product&#038;p=52610"},"modified":"2026-04-23T16:02:46","modified_gmt":"2026-04-23T14:02:46","slug":"bandana-2","status":"publish","type":"product","link":"https:\/\/dmd.eu\/de\/prodotto\/jet-helme\/retro-helme\/bandana-2\/","title":{"rendered":"BANDANA"},"content":{"rendered":"<p>Der <strong>Jet-Helm Retro Bandana<\/strong> erinnert dank des All-over-Prints im Bandana-Stil an eine zeitlose Retro-\u00c4sthetik. Das Paisley-Muster, detailreich und dennoch ausgewogen, umschlie\u00dft die gesamte Helmschale und sorgt f\u00fcr einen markanten, sofort erkennbaren Look. Die Passform ist komfortabel und erf\u00fcllt moderne Sicherheitsanforderungen.<br \/>\nIdeal f\u00fcr alle, die Vintage-Style lieben und mit einem ikonischen Muster auffallen m\u00f6chten.<br \/>\nDer Lack hat eine gl\u00e4nzende Oberfl\u00e4che.<\/p>\n<p>&nbsp;<\/p>\n","protected":false},"excerpt":{"rendered":"<p>Der Jet-Helm Retro Bandana erinnert dank des All-over-Prints im Bandana-Stil an eine zeitlose Retro-\u00c4sthetik. Das Paisley-Muster, detailreich und dennoch ausgewogen, umschlie\u00dft die gesamte Helmschale und sorgt f\u00fcr einen markanten, sofort erkennbaren Look. Die Passform ist komfortabel und erf\u00fcllt moderne Sicherheitsanforderungen. Ideal f\u00fcr alle, die Vintage-Style lieben und mit einem ikonischen Muster auffallen m\u00f6chten. Der Lack [&hellip;]<\/p>\n","protected":false},"featured_media":52620,"comment_status":"closed","ping_status":"closed","template":"","meta":{"_acf_changed":false},"product_brand":[],"product_cat":[121,457],"product_tag":[],"giftcard-category":[],"class_list":{"0":"post-52610","1":"product","2":"type-product","3":"status-publish","4":"has-post-thumbnail","6":"product_cat-jet-helme","7":"product_cat-retro-helme","9":"first","10":"instock","11":"taxable","12":"shipping-taxable","13":"purchasable","14":"product-type-variable"},"acf":[],"jetpack_sharing_enabled":true,"_links":{"self":[{"href":"https:\/\/dmd.eu\/de\/wp-json\/wp\/v2\/product\/52610","targetHints":{"allow":["GET"]}}],"collection":[{"href":"https:\/\/dmd.eu\/de\/wp-json\/wp\/v2\/product"}],"about":[{"href":"https:\/\/dmd.eu\/de\/wp-json\/wp\/v2\/types\/product"}],"replies":[{"embeddable":true,"href":"https:\/\/dmd.eu\/de\/wp-json\/wp\/v2\/comments?post=52610"}],"wp:featuredmedia":[{"embeddable":true,"href":"https:\/\/dmd.eu\/de\/wp-json\/wp\/v2\/media\/52620"}],"wp:attachment":[{"href":"https:\/\/dmd.eu\/de\/wp-json\/wp\/v2\/media?parent=52610"}],"wp:term":[{"taxonomy":"product_brand","embeddable":true,"href":"https:\/\/dmd.eu\/de\/wp-json\/wp\/v2\/product_brand?post=52610"},{"taxonomy":"product_cat","embeddable":true,"href":"https:\/\/dmd.eu\/de\/wp-json\/wp\/v2\/product_cat?post=52610"},{"taxonomy":"product_tag","embeddable":true,"href":"https:\/\/dmd.eu\/de\/wp-json\/wp\/v2\/product_tag?post=52610"},{"taxonomy":"giftcard-category","embeddable":true,"href":"https:\/\/dmd.eu\/de\/wp-json\/wp\/v2\/giftcard-category?post=52610"}],"curies":[{"name":"wp","href":"https:\/\/api.w.org\/{rel}","templated":true}]}}