{"id":52531,"date":"2026-01-07T11:32:06","date_gmt":"2026-01-07T10:32:06","guid":{"rendered":"https:\/\/dmd.eu\/?post_type=product&#038;p=52531"},"modified":"2026-04-23T16:03:07","modified_gmt":"2026-04-23T14:03:07","slug":"amori","status":"publish","type":"product","link":"https:\/\/dmd.eu\/de\/prodotto\/jet-helme\/retro-helme\/amori\/","title":{"rendered":"AMORI"},"content":{"rendered":"<p>Der <strong>Jet-Helm Retro Amori<\/strong> geh\u00f6rt zur Kollektion der offenen DMD-Jethelme. Auf cremefarbener Basis gefertigt, wird dieses Modell durch eine exklusive Grafik mit der Aufschrift &#8222;Memento Amoris\u201c veredelt.<br \/>\nDer Amori ist die ideale Wahl f\u00fcr Motorradfahrer, die auff\u00e4llige Grafiken lieben, aber auch f\u00fcr Rollerfahrer, die einen komfortablen, kompakten, sicheren und originellen Helm suchen.<br \/>\nDer Lack hat eine gl\u00e4nzende Oberfl\u00e4che.<\/p>\n<p>&nbsp;<\/p>\n","protected":false},"excerpt":{"rendered":"<p>Der Jet-Helm Retro Amori geh\u00f6rt zur Kollektion der offenen DMD-Jethelme. Auf cremefarbener Basis gefertigt, wird dieses Modell durch eine exklusive Grafik mit der Aufschrift &#8222;Memento Amoris\u201c veredelt. Der Amori ist die ideale Wahl f\u00fcr Motorradfahrer, die auff\u00e4llige Grafiken lieben, aber auch f\u00fcr Rollerfahrer, die einen komfortablen, kompakten, sicheren und originellen Helm suchen. Der Lack hat [&hellip;]<\/p>\n","protected":false},"featured_media":52565,"comment_status":"closed","ping_status":"closed","template":"","meta":{"_acf_changed":false},"product_brand":[],"product_cat":[121,457],"product_tag":[],"giftcard-category":[],"class_list":{"0":"post-52531","1":"product","2":"type-product","3":"status-publish","4":"has-post-thumbnail","6":"product_cat-jet-helme","7":"product_cat-retro-helme","9":"first","10":"instock","11":"taxable","12":"shipping-taxable","13":"purchasable","14":"product-type-variable"},"acf":[],"jetpack_sharing_enabled":true,"_links":{"self":[{"href":"https:\/\/dmd.eu\/de\/wp-json\/wp\/v2\/product\/52531","targetHints":{"allow":["GET"]}}],"collection":[{"href":"https:\/\/dmd.eu\/de\/wp-json\/wp\/v2\/product"}],"about":[{"href":"https:\/\/dmd.eu\/de\/wp-json\/wp\/v2\/types\/product"}],"replies":[{"embeddable":true,"href":"https:\/\/dmd.eu\/de\/wp-json\/wp\/v2\/comments?post=52531"}],"wp:featuredmedia":[{"embeddable":true,"href":"https:\/\/dmd.eu\/de\/wp-json\/wp\/v2\/media\/52565"}],"wp:attachment":[{"href":"https:\/\/dmd.eu\/de\/wp-json\/wp\/v2\/media?parent=52531"}],"wp:term":[{"taxonomy":"product_brand","embeddable":true,"href":"https:\/\/dmd.eu\/de\/wp-json\/wp\/v2\/product_brand?post=52531"},{"taxonomy":"product_cat","embeddable":true,"href":"https:\/\/dmd.eu\/de\/wp-json\/wp\/v2\/product_cat?post=52531"},{"taxonomy":"product_tag","embeddable":true,"href":"https:\/\/dmd.eu\/de\/wp-json\/wp\/v2\/product_tag?post=52531"},{"taxonomy":"giftcard-category","embeddable":true,"href":"https:\/\/dmd.eu\/de\/wp-json\/wp\/v2\/giftcard-category?post=52531"}],"curies":[{"name":"wp","href":"https:\/\/api.w.org\/{rel}","templated":true}]}}