{"id":52452,"date":"2026-01-07T11:06:32","date_gmt":"2026-01-07T10:06:32","guid":{"rendered":"https:\/\/dmd.eu\/?post_type=product&#038;p=52452"},"modified":"2026-02-09T16:43:53","modified_gmt":"2026-02-09T15:43:53","slug":"triple","status":"publish","type":"product","link":"https:\/\/dmd.eu\/de\/prodotto\/jet-helme\/retro-helme\/triple\/","title":{"rendered":"TRIPLE"},"content":{"rendered":"<p>Der <strong>Jet-Helm Retro Triple<\/strong> hat einen Retro-Look mit einer schlichten, aber wirkungsvollen Grafik. Die gl\u00e4nzende Cremefarbe wird durch zwei klare Linien veredelt. Die Passform ist komfortabel und erf\u00fcllt alle modernen Sicherheitsanforderungen.<br \/>\nGeeignet f\u00fcr alle, die klare Linien und ein reduziertes Design lieben.<br \/>\nDer Lack hat eine gl\u00e4nzende Oberfl\u00e4che.<\/p>\n","protected":false},"excerpt":{"rendered":"<p>Der Jet-Helm Retro Triple hat einen Retro-Look mit einer schlichten, aber wirkungsvollen Grafik. Die gl\u00e4nzende Cremefarbe wird durch zwei klare Linien veredelt. Die Passform ist komfortabel und erf\u00fcllt alle modernen Sicherheitsanforderungen. Geeignet f\u00fcr alle, die klare Linien und ein reduziertes Design lieben. Der Lack hat eine gl\u00e4nzende Oberfl\u00e4che.<\/p>\n","protected":false},"featured_media":52491,"comment_status":"closed","ping_status":"closed","template":"","meta":{"_acf_changed":false},"product_brand":[],"product_cat":[121,457],"product_tag":[],"giftcard-category":[],"class_list":{"0":"post-52452","1":"product","2":"type-product","3":"status-publish","4":"has-post-thumbnail","6":"product_cat-jet-helme","7":"product_cat-retro-helme","9":"first","10":"instock","11":"taxable","12":"shipping-taxable","13":"purchasable","14":"product-type-variable"},"acf":[],"jetpack_sharing_enabled":true,"_links":{"self":[{"href":"https:\/\/dmd.eu\/de\/wp-json\/wp\/v2\/product\/52452","targetHints":{"allow":["GET"]}}],"collection":[{"href":"https:\/\/dmd.eu\/de\/wp-json\/wp\/v2\/product"}],"about":[{"href":"https:\/\/dmd.eu\/de\/wp-json\/wp\/v2\/types\/product"}],"replies":[{"embeddable":true,"href":"https:\/\/dmd.eu\/de\/wp-json\/wp\/v2\/comments?post=52452"}],"wp:featuredmedia":[{"embeddable":true,"href":"https:\/\/dmd.eu\/de\/wp-json\/wp\/v2\/media\/52491"}],"wp:attachment":[{"href":"https:\/\/dmd.eu\/de\/wp-json\/wp\/v2\/media?parent=52452"}],"wp:term":[{"taxonomy":"product_brand","embeddable":true,"href":"https:\/\/dmd.eu\/de\/wp-json\/wp\/v2\/product_brand?post=52452"},{"taxonomy":"product_cat","embeddable":true,"href":"https:\/\/dmd.eu\/de\/wp-json\/wp\/v2\/product_cat?post=52452"},{"taxonomy":"product_tag","embeddable":true,"href":"https:\/\/dmd.eu\/de\/wp-json\/wp\/v2\/product_tag?post=52452"},{"taxonomy":"giftcard-category","embeddable":true,"href":"https:\/\/dmd.eu\/de\/wp-json\/wp\/v2\/giftcard-category?post=52452"}],"curies":[{"name":"wp","href":"https:\/\/api.w.org\/{rel}","templated":true}]}}