{"id":52298,"date":"2026-01-07T10:28:01","date_gmt":"2026-01-07T09:28:01","guid":{"rendered":"https:\/\/dmd.eu\/?post_type=product&#038;p=52298"},"modified":"2026-04-24T00:49:09","modified_gmt":"2026-04-23T22:49:09","slug":"stars","status":"publish","type":"product","link":"https:\/\/dmd.eu\/de\/prodotto\/jet-helme\/retro-helme\/stars\/","title":{"rendered":"STARS"},"content":{"rendered":"<p>Der <strong>Jet-Helm Retro Stars<\/strong> verbindet eine Retro-\u00c4sthetik mit einer ikonischen, sofort erkennbaren Grafik. Die matte schwarze Basis wird durch goldfarbene Sterne auf der Helmschale erg\u00e4nzt \u2013 f\u00fcr einen markanten und zugleich eleganten Kontrast.<br \/>\nIdeal f\u00fcr alle, die einen schlichten Helm mit starker Pers\u00f6nlichkeit und einem wirkungsvollen Grafikdetail suchen.<br \/>\nDer Lack hat eine matte Oberfl\u00e4che.<\/p>\n<p>&nbsp;<\/p>\n","protected":false},"excerpt":{"rendered":"<p>Der Jet-Helm Retro Stars verbindet eine Retro-\u00c4sthetik mit einer ikonischen, sofort erkennbaren Grafik. Die matte schwarze Basis wird durch goldfarbene Sterne auf der Helmschale erg\u00e4nzt \u2013 f\u00fcr einen markanten und zugleich eleganten Kontrast. Ideal f\u00fcr alle, die einen schlichten Helm mit starker Pers\u00f6nlichkeit und einem wirkungsvollen Grafikdetail suchen. Der Lack hat eine matte Oberfl\u00e4che. &nbsp;<\/p>\n","protected":false},"featured_media":55929,"comment_status":"closed","ping_status":"closed","template":"","meta":{"_acf_changed":false},"product_brand":[],"product_cat":[121,457],"product_tag":[],"giftcard-category":[],"class_list":{"0":"post-52298","1":"product","2":"type-product","3":"status-publish","4":"has-post-thumbnail","6":"product_cat-jet-helme","7":"product_cat-retro-helme","9":"first","10":"instock","11":"taxable","12":"shipping-taxable","13":"purchasable","14":"product-type-variable"},"acf":[],"jetpack_sharing_enabled":true,"_links":{"self":[{"href":"https:\/\/dmd.eu\/de\/wp-json\/wp\/v2\/product\/52298","targetHints":{"allow":["GET"]}}],"collection":[{"href":"https:\/\/dmd.eu\/de\/wp-json\/wp\/v2\/product"}],"about":[{"href":"https:\/\/dmd.eu\/de\/wp-json\/wp\/v2\/types\/product"}],"replies":[{"embeddable":true,"href":"https:\/\/dmd.eu\/de\/wp-json\/wp\/v2\/comments?post=52298"}],"wp:featuredmedia":[{"embeddable":true,"href":"https:\/\/dmd.eu\/de\/wp-json\/wp\/v2\/media\/55929"}],"wp:attachment":[{"href":"https:\/\/dmd.eu\/de\/wp-json\/wp\/v2\/media?parent=52298"}],"wp:term":[{"taxonomy":"product_brand","embeddable":true,"href":"https:\/\/dmd.eu\/de\/wp-json\/wp\/v2\/product_brand?post=52298"},{"taxonomy":"product_cat","embeddable":true,"href":"https:\/\/dmd.eu\/de\/wp-json\/wp\/v2\/product_cat?post=52298"},{"taxonomy":"product_tag","embeddable":true,"href":"https:\/\/dmd.eu\/de\/wp-json\/wp\/v2\/product_tag?post=52298"},{"taxonomy":"giftcard-category","embeddable":true,"href":"https:\/\/dmd.eu\/de\/wp-json\/wp\/v2\/giftcard-category?post=52298"}],"curies":[{"name":"wp","href":"https:\/\/api.w.org\/{rel}","templated":true}]}}