{"id":51069,"date":"2025-11-20T10:28:30","date_gmt":"2025-11-20T09:28:30","guid":{"rendered":"https:\/\/dmd.eu\/?post_type=product&#038;p=51069"},"modified":"2026-03-06T21:43:08","modified_gmt":"2026-03-06T20:43:08","slug":"rocket-cream","status":"publish","type":"product","link":"https:\/\/dmd.eu\/de\/prodotto\/sale-de\/sale-helm\/rocket-cream\/","title":{"rendered":"ROCKET CREAM"},"content":{"rendered":"<p>Der <strong>Integralhelm Rocket Cream\u00a0<\/strong> ist sehr leicht, hat ein Vintage-Design und bietet ein H\u00f6chstma\u00df an Sicherheit und Komfort. Dank seiner neutralen Farbe passt es zu jeder Art von Motorrad. Die gl\u00e4nzende cremefarben Farbe und das ikonische Modell der siebziger Jahre machen es sehr eigenartig und einzigartig.<br \/>\nWenn Sie lange Reisen mit Ihrem Motorrad lieben, ist der Rocket Cream Integralhelm genau das Richtige f\u00fcr Sie.<\/p>\n","protected":false},"excerpt":{"rendered":"<p>Der Integralhelm Rocket Cream\u00a0 ist sehr leicht, hat ein Vintage-Design und bietet ein H\u00f6chstma\u00df an Sicherheit und Komfort. Dank seiner neutralen Farbe passt es zu jeder Art von Motorrad. Die gl\u00e4nzende cremefarben Farbe und das ikonische Modell der siebziger Jahre machen es sehr eigenartig und einzigartig. Wenn Sie lange Reisen mit Ihrem Motorrad lieben, ist [&hellip;]<\/p>\n","protected":false},"featured_media":51089,"comment_status":"closed","ping_status":"closed","template":"","meta":{"_acf_changed":false},"product_brand":[],"product_cat":[409,422],"product_tag":[],"giftcard-category":[],"class_list":{"0":"post-51069","1":"product","2":"type-product","3":"status-publish","4":"has-post-thumbnail","6":"product_cat-sale-de","7":"product_cat-sale-helm","9":"first","10":"instock","11":"sale","12":"taxable","13":"shipping-taxable","14":"purchasable","15":"product-type-variable"},"acf":[],"jetpack_sharing_enabled":true,"_links":{"self":[{"href":"https:\/\/dmd.eu\/de\/wp-json\/wp\/v2\/product\/51069","targetHints":{"allow":["GET"]}}],"collection":[{"href":"https:\/\/dmd.eu\/de\/wp-json\/wp\/v2\/product"}],"about":[{"href":"https:\/\/dmd.eu\/de\/wp-json\/wp\/v2\/types\/product"}],"replies":[{"embeddable":true,"href":"https:\/\/dmd.eu\/de\/wp-json\/wp\/v2\/comments?post=51069"}],"wp:featuredmedia":[{"embeddable":true,"href":"https:\/\/dmd.eu\/de\/wp-json\/wp\/v2\/media\/51089"}],"wp:attachment":[{"href":"https:\/\/dmd.eu\/de\/wp-json\/wp\/v2\/media?parent=51069"}],"wp:term":[{"taxonomy":"product_brand","embeddable":true,"href":"https:\/\/dmd.eu\/de\/wp-json\/wp\/v2\/product_brand?post=51069"},{"taxonomy":"product_cat","embeddable":true,"href":"https:\/\/dmd.eu\/de\/wp-json\/wp\/v2\/product_cat?post=51069"},{"taxonomy":"product_tag","embeddable":true,"href":"https:\/\/dmd.eu\/de\/wp-json\/wp\/v2\/product_tag?post=51069"},{"taxonomy":"giftcard-category","embeddable":true,"href":"https:\/\/dmd.eu\/de\/wp-json\/wp\/v2\/giftcard-category?post=51069"}],"curies":[{"name":"wp","href":"https:\/\/api.w.org\/{rel}","templated":true}]}}