{"id":49787,"date":"2025-10-22T17:27:07","date_gmt":"2025-10-22T15:27:07","guid":{"rendered":"https:\/\/dmd.eu\/?post_type=product&#038;p=49787"},"modified":"2025-12-02T00:13:17","modified_gmt":"2025-12-01T23:13:17","slug":"pearl-white-asr","status":"publish","type":"product","link":"https:\/\/dmd.eu\/de\/prodotto\/sale-de\/sale-helm\/pearl-white-asr\/","title":{"rendered":"A.S.R. PEARL WHITE"},"content":{"rendered":"<p>Der A.S.R. Pearl white Helm ist ein Jethelm, der f\u00fcr Motorradfahrer entwickelt wurde, die lange Strecken zur\u00fccklegen. Mit seiner eleganten wei\u00df Farbe und der gl\u00e4nzend Oberfl\u00e4che bietet dieser Helm Komfort, Stil und h\u00f6chste Sicherheit auf jeder Fahrt.<\/p>\n<p>*ECE 22.05 zugelassenes Modell, das den Stra\u00dfenverkehrsbestimmungen entspricht, sodass Sie es sicher und ohne Bedenken weiterhin nutzen k\u00f6nnen.<\/p>\n","protected":false},"excerpt":{"rendered":"<p>Der A.S.R. Pearl white Helm ist ein Jethelm, der f\u00fcr Motorradfahrer entwickelt wurde, die lange Strecken zur\u00fccklegen. Mit seiner eleganten wei\u00df Farbe und der gl\u00e4nzend Oberfl\u00e4che bietet dieser Helm Komfort, Stil und h\u00f6chste Sicherheit auf jeder Fahrt. *ECE 22.05 zugelassenes Modell, das den Stra\u00dfenverkehrsbestimmungen entspricht, sodass Sie es sicher und ohne Bedenken weiterhin nutzen k\u00f6nnen.<\/p>\n","protected":false},"featured_media":49888,"comment_status":"closed","ping_status":"closed","template":"","meta":{"_acf_changed":false},"product_brand":[],"product_cat":[409,422],"product_tag":[],"giftcard-category":[],"class_list":{"0":"post-49787","1":"product","2":"type-product","3":"status-publish","4":"has-post-thumbnail","6":"product_cat-sale-de","7":"product_cat-sale-helm","9":"first","10":"instock","11":"sale","12":"taxable","13":"shipping-taxable","14":"purchasable","15":"product-type-variable"},"acf":[],"jetpack_sharing_enabled":true,"_links":{"self":[{"href":"https:\/\/dmd.eu\/de\/wp-json\/wp\/v2\/product\/49787","targetHints":{"allow":["GET"]}}],"collection":[{"href":"https:\/\/dmd.eu\/de\/wp-json\/wp\/v2\/product"}],"about":[{"href":"https:\/\/dmd.eu\/de\/wp-json\/wp\/v2\/types\/product"}],"replies":[{"embeddable":true,"href":"https:\/\/dmd.eu\/de\/wp-json\/wp\/v2\/comments?post=49787"}],"wp:featuredmedia":[{"embeddable":true,"href":"https:\/\/dmd.eu\/de\/wp-json\/wp\/v2\/media\/49888"}],"wp:attachment":[{"href":"https:\/\/dmd.eu\/de\/wp-json\/wp\/v2\/media?parent=49787"}],"wp:term":[{"taxonomy":"product_brand","embeddable":true,"href":"https:\/\/dmd.eu\/de\/wp-json\/wp\/v2\/product_brand?post=49787"},{"taxonomy":"product_cat","embeddable":true,"href":"https:\/\/dmd.eu\/de\/wp-json\/wp\/v2\/product_cat?post=49787"},{"taxonomy":"product_tag","embeddable":true,"href":"https:\/\/dmd.eu\/de\/wp-json\/wp\/v2\/product_tag?post=49787"},{"taxonomy":"giftcard-category","embeddable":true,"href":"https:\/\/dmd.eu\/de\/wp-json\/wp\/v2\/giftcard-category?post=49787"}],"curies":[{"name":"wp","href":"https:\/\/api.w.org\/{rel}","templated":true}]}}