{"id":49743,"date":"2025-10-22T17:04:04","date_gmt":"2025-10-22T15:04:04","guid":{"rendered":"https:\/\/dmd.eu\/?post_type=product&#038;p=49743"},"modified":"2026-04-05T09:10:32","modified_gmt":"2026-04-05T07:10:32","slug":"matt-black-asr","status":"publish","type":"product","link":"https:\/\/dmd.eu\/de\/prodotto\/sale-de\/sale-helm\/matt-black-asr\/","title":{"rendered":"A.S.R. MATT BLACK"},"content":{"rendered":"<p>Der A.S.R. Matt black Helm ist ein Jethelm, der f\u00fcr Motorradfahrer entwickelt wurde, die lange Strecken zur\u00fccklegen. Mit seiner eleganten schwarz Farbe und der matten Oberfl\u00e4che bietet dieser Helm Komfort, Stil und h\u00f6chste Sicherheit auf jeder Fahrt.<\/p>\n<p>*ECE 22.05 zugelassenes Modell, das den Stra\u00dfenverkehrsbestimmungen entspricht, sodass Sie es sicher und ohne Bedenken weiterhin nutzen k\u00f6nnen.<\/p>\n","protected":false},"excerpt":{"rendered":"<p>Der A.S.R. Matt black Helm ist ein Jethelm, der f\u00fcr Motorradfahrer entwickelt wurde, die lange Strecken zur\u00fccklegen. Mit seiner eleganten schwarz Farbe und der matten Oberfl\u00e4che bietet dieser Helm Komfort, Stil und h\u00f6chste Sicherheit auf jeder Fahrt. *ECE 22.05 zugelassenes Modell, das den Stra\u00dfenverkehrsbestimmungen entspricht, sodass Sie es sicher und ohne Bedenken weiterhin nutzen k\u00f6nnen.<\/p>\n","protected":false},"featured_media":49918,"comment_status":"closed","ping_status":"closed","template":"","meta":{"_acf_changed":false},"product_brand":[],"product_cat":[409,422],"product_tag":[],"giftcard-category":[],"class_list":{"0":"post-49743","1":"product","2":"type-product","3":"status-publish","4":"has-post-thumbnail","6":"product_cat-sale-de","7":"product_cat-sale-helm","9":"first","10":"instock","11":"sale","12":"taxable","13":"shipping-taxable","14":"purchasable","15":"product-type-variable"},"acf":[],"jetpack_sharing_enabled":true,"_links":{"self":[{"href":"https:\/\/dmd.eu\/de\/wp-json\/wp\/v2\/product\/49743","targetHints":{"allow":["GET"]}}],"collection":[{"href":"https:\/\/dmd.eu\/de\/wp-json\/wp\/v2\/product"}],"about":[{"href":"https:\/\/dmd.eu\/de\/wp-json\/wp\/v2\/types\/product"}],"replies":[{"embeddable":true,"href":"https:\/\/dmd.eu\/de\/wp-json\/wp\/v2\/comments?post=49743"}],"wp:featuredmedia":[{"embeddable":true,"href":"https:\/\/dmd.eu\/de\/wp-json\/wp\/v2\/media\/49918"}],"wp:attachment":[{"href":"https:\/\/dmd.eu\/de\/wp-json\/wp\/v2\/media?parent=49743"}],"wp:term":[{"taxonomy":"product_brand","embeddable":true,"href":"https:\/\/dmd.eu\/de\/wp-json\/wp\/v2\/product_brand?post=49743"},{"taxonomy":"product_cat","embeddable":true,"href":"https:\/\/dmd.eu\/de\/wp-json\/wp\/v2\/product_cat?post=49743"},{"taxonomy":"product_tag","embeddable":true,"href":"https:\/\/dmd.eu\/de\/wp-json\/wp\/v2\/product_tag?post=49743"},{"taxonomy":"giftcard-category","embeddable":true,"href":"https:\/\/dmd.eu\/de\/wp-json\/wp\/v2\/giftcard-category?post=49743"}],"curies":[{"name":"wp","href":"https:\/\/api.w.org\/{rel}","templated":true}]}}