{"id":47580,"date":"2025-07-30T10:47:06","date_gmt":"2025-07-30T08:47:06","guid":{"rendered":"https:\/\/dmd.eu\/?post_type=product&#038;p=47580"},"modified":"2025-12-02T00:13:19","modified_gmt":"2025-12-01T23:13:19","slug":"fear-black","status":"publish","type":"product","link":"https:\/\/dmd.eu\/de\/prodotto\/sale-de\/sale-kleidung\/fear-black\/","title":{"rendered":"FEAR BLACK"},"content":{"rendered":"<p>Das <strong>Fear Black<\/strong>\u00a0Rundhals-<strong>Sweatshirt<\/strong> ist f\u00fcr maximalen Komfort konzipiert. Ideal f\u00fcr jede Jahreszeit, hergestellt aus 100% Baumwolle in der Farbe dunkelgrau.<br \/>\nEs verf\u00fcgt \u00fcber einen Siebdruck mit essentiellen Schriften und Grafiken.<\/p>\n","protected":false},"excerpt":{"rendered":"<p>Das Fear Black\u00a0Rundhals-Sweatshirt ist f\u00fcr maximalen Komfort konzipiert. Ideal f\u00fcr jede Jahreszeit, hergestellt aus 100% Baumwolle in der Farbe dunkelgrau. Es verf\u00fcgt \u00fcber einen Siebdruck mit essentiellen Schriften und Grafiken.<\/p>\n","protected":false},"featured_media":47877,"comment_status":"closed","ping_status":"closed","template":"","meta":{"_acf_changed":false},"product_brand":[],"product_cat":[409,419],"product_tag":[],"giftcard-category":[],"class_list":{"0":"post-47580","1":"product","2":"type-product","3":"status-publish","4":"has-post-thumbnail","6":"product_cat-sale-de","7":"product_cat-sale-kleidung","9":"first","10":"instock","11":"sale","12":"taxable","13":"shipping-taxable","14":"purchasable","15":"product-type-variable"},"acf":[],"jetpack_sharing_enabled":true,"_links":{"self":[{"href":"https:\/\/dmd.eu\/de\/wp-json\/wp\/v2\/product\/47580","targetHints":{"allow":["GET"]}}],"collection":[{"href":"https:\/\/dmd.eu\/de\/wp-json\/wp\/v2\/product"}],"about":[{"href":"https:\/\/dmd.eu\/de\/wp-json\/wp\/v2\/types\/product"}],"replies":[{"embeddable":true,"href":"https:\/\/dmd.eu\/de\/wp-json\/wp\/v2\/comments?post=47580"}],"wp:featuredmedia":[{"embeddable":true,"href":"https:\/\/dmd.eu\/de\/wp-json\/wp\/v2\/media\/47877"}],"wp:attachment":[{"href":"https:\/\/dmd.eu\/de\/wp-json\/wp\/v2\/media?parent=47580"}],"wp:term":[{"taxonomy":"product_brand","embeddable":true,"href":"https:\/\/dmd.eu\/de\/wp-json\/wp\/v2\/product_brand?post=47580"},{"taxonomy":"product_cat","embeddable":true,"href":"https:\/\/dmd.eu\/de\/wp-json\/wp\/v2\/product_cat?post=47580"},{"taxonomy":"product_tag","embeddable":true,"href":"https:\/\/dmd.eu\/de\/wp-json\/wp\/v2\/product_tag?post=47580"},{"taxonomy":"giftcard-category","embeddable":true,"href":"https:\/\/dmd.eu\/de\/wp-json\/wp\/v2\/giftcard-category?post=47580"}],"curies":[{"name":"wp","href":"https:\/\/api.w.org\/{rel}","templated":true}]}}