{"id":47430,"date":"2025-07-29T15:45:16","date_gmt":"2025-07-29T13:45:16","guid":{"rendered":"https:\/\/dmd.eu\/?post_type=product&#038;p=47430"},"modified":"2026-03-18T21:19:59","modified_gmt":"2026-03-18T20:19:59","slug":"flip-up-bubble-visor","status":"publish","type":"product","link":"https:\/\/dmd.eu\/de\/prodotto\/jet-helme\/accessoires\/flip-up-bubble-visor\/","title":{"rendered":"FLIP-UP BUBBLE VISOR"},"content":{"rendered":"<p>Das <strong>Flip-Up Bubble Visor-Zubeh\u00f6r<\/strong> ist f\u00fcr DMD Jethelme konzipiert und kann mithilfe der Druckkn\u00f6pfe an der Helmschale befestigt werden. Dieses Visier kann jederzeit hoch- oder heruntergeklappt werden. Das <strong>Flip-Up Bubble Visor<\/strong> f\u00fcr Jethelme ist mit klarem oder dunklem Visier erh\u00e4ltlich.<\/p>\n","protected":false},"excerpt":{"rendered":"<p>Das Flip-Up Bubble Visor-Zubeh\u00f6r ist f\u00fcr DMD Jethelme konzipiert und kann mithilfe der Druckkn\u00f6pfe an der Helmschale befestigt werden. Dieses Visier kann jederzeit hoch- oder heruntergeklappt werden. Das Flip-Up Bubble Visor f\u00fcr Jethelme ist mit klarem oder dunklem Visier erh\u00e4ltlich.<\/p>\n","protected":false},"featured_media":47443,"comment_status":"closed","ping_status":"closed","template":"","meta":{"_acf_changed":false},"product_brand":[],"product_cat":[183,121],"product_tag":[],"giftcard-category":[],"class_list":{"0":"post-47430","1":"product","2":"type-product","3":"status-publish","4":"has-post-thumbnail","6":"product_cat-accessoires","7":"product_cat-jet-helme","9":"first","10":"instock","11":"taxable","12":"shipping-taxable","13":"purchasable","14":"product-type-variable"},"acf":[],"jetpack_sharing_enabled":true,"_links":{"self":[{"href":"https:\/\/dmd.eu\/de\/wp-json\/wp\/v2\/product\/47430","targetHints":{"allow":["GET"]}}],"collection":[{"href":"https:\/\/dmd.eu\/de\/wp-json\/wp\/v2\/product"}],"about":[{"href":"https:\/\/dmd.eu\/de\/wp-json\/wp\/v2\/types\/product"}],"replies":[{"embeddable":true,"href":"https:\/\/dmd.eu\/de\/wp-json\/wp\/v2\/comments?post=47430"}],"wp:featuredmedia":[{"embeddable":true,"href":"https:\/\/dmd.eu\/de\/wp-json\/wp\/v2\/media\/47443"}],"wp:attachment":[{"href":"https:\/\/dmd.eu\/de\/wp-json\/wp\/v2\/media?parent=47430"}],"wp:term":[{"taxonomy":"product_brand","embeddable":true,"href":"https:\/\/dmd.eu\/de\/wp-json\/wp\/v2\/product_brand?post=47430"},{"taxonomy":"product_cat","embeddable":true,"href":"https:\/\/dmd.eu\/de\/wp-json\/wp\/v2\/product_cat?post=47430"},{"taxonomy":"product_tag","embeddable":true,"href":"https:\/\/dmd.eu\/de\/wp-json\/wp\/v2\/product_tag?post=47430"},{"taxonomy":"giftcard-category","embeddable":true,"href":"https:\/\/dmd.eu\/de\/wp-json\/wp\/v2\/giftcard-category?post=47430"}],"curies":[{"name":"wp","href":"https:\/\/api.w.org\/{rel}","templated":true}]}}