{"id":47212,"date":"2025-07-29T10:31:06","date_gmt":"2025-07-29T08:31:06","guid":{"rendered":"https:\/\/dmd.eu\/?post_type=product&#038;p=47212"},"modified":"2025-12-02T00:13:21","modified_gmt":"2025-12-01T23:13:21","slug":"rock-shadow-white","status":"publish","type":"product","link":"https:\/\/dmd.eu\/de\/prodotto\/sale-de\/sale-kleidung\/rock-shadow-white\/","title":{"rendered":"ROCK SHADOW WHITE"},"content":{"rendered":"<p>Das <strong>Rock shadow white T-Shirt<\/strong> mit Rundhalsausschnitt bietet maximalen Komfort. Ideal f\u00fcr jede Jahreszeit, hergestellt aus 100% Baumwolle in der Wei\u00df Farbe.<br \/>\nEs verf\u00fcgt \u00fcber einen Siebdruck mit essentiellen Schriften und Grafiken.<\/p>\n","protected":false},"excerpt":{"rendered":"<p>Das Rock shadow white T-Shirt mit Rundhalsausschnitt bietet maximalen Komfort. Ideal f\u00fcr jede Jahreszeit, hergestellt aus 100% Baumwolle in der Wei\u00df Farbe. Es verf\u00fcgt \u00fcber einen Siebdruck mit essentiellen Schriften und Grafiken.<\/p>\n","protected":false},"featured_media":47380,"comment_status":"closed","ping_status":"closed","template":"","meta":{"_acf_changed":false},"product_brand":[],"product_cat":[409,419],"product_tag":[],"giftcard-category":[],"class_list":{"0":"post-47212","1":"product","2":"type-product","3":"status-publish","4":"has-post-thumbnail","6":"product_cat-sale-de","7":"product_cat-sale-kleidung","9":"first","10":"instock","11":"sale","12":"taxable","13":"shipping-taxable","14":"purchasable","15":"product-type-variable"},"acf":[],"jetpack_sharing_enabled":true,"_links":{"self":[{"href":"https:\/\/dmd.eu\/de\/wp-json\/wp\/v2\/product\/47212","targetHints":{"allow":["GET"]}}],"collection":[{"href":"https:\/\/dmd.eu\/de\/wp-json\/wp\/v2\/product"}],"about":[{"href":"https:\/\/dmd.eu\/de\/wp-json\/wp\/v2\/types\/product"}],"replies":[{"embeddable":true,"href":"https:\/\/dmd.eu\/de\/wp-json\/wp\/v2\/comments?post=47212"}],"wp:featuredmedia":[{"embeddable":true,"href":"https:\/\/dmd.eu\/de\/wp-json\/wp\/v2\/media\/47380"}],"wp:attachment":[{"href":"https:\/\/dmd.eu\/de\/wp-json\/wp\/v2\/media?parent=47212"}],"wp:term":[{"taxonomy":"product_brand","embeddable":true,"href":"https:\/\/dmd.eu\/de\/wp-json\/wp\/v2\/product_brand?post=47212"},{"taxonomy":"product_cat","embeddable":true,"href":"https:\/\/dmd.eu\/de\/wp-json\/wp\/v2\/product_cat?post=47212"},{"taxonomy":"product_tag","embeddable":true,"href":"https:\/\/dmd.eu\/de\/wp-json\/wp\/v2\/product_tag?post=47212"},{"taxonomy":"giftcard-category","embeddable":true,"href":"https:\/\/dmd.eu\/de\/wp-json\/wp\/v2\/giftcard-category?post=47212"}],"curies":[{"name":"wp","href":"https:\/\/api.w.org\/{rel}","templated":true}]}}