{"id":46819,"date":"2025-07-21T11:27:04","date_gmt":"2025-07-21T09:27:04","guid":{"rendered":"https:\/\/dmd.eu\/?post_type=product&#038;p=46819"},"modified":"2025-12-02T00:13:22","modified_gmt":"2025-12-01T23:13:22","slug":"inner-lining-seventyseven","status":"publish","type":"product","link":"https:\/\/dmd.eu\/de\/prodotto\/integralhelme\/accessoires-integralhelme\/inner-lining-seventyseven\/","title":{"rendered":"INNER LINING SEVENTYSEVEN"},"content":{"rendered":"<p>Das <strong>Zubeh\u00f6r Inner Lining Seventyseven<\/strong> ist eine vollst\u00e4ndig abnehmbare und waschbare Innenverkleidung f\u00fcr die DMD Seventyseven Motorradhelm Linie. Die Kopfpolsterung und die Wagenpolster sind abnehmbar, damit sie optimal passen. Mit dem Inner Lining Seventyseven k\u00f6nnen Sie die Gr\u00f6\u00dfe Ihres Seventyseven-Helms \u00e4ndern, aber nur, wenn die Gr\u00f6\u00dfe der Schale gleich ist. Sie ist von Gr\u00f6\u00dfe XS bis XXL erh\u00e4ltlich.<\/p>\n","protected":false},"excerpt":{"rendered":"<p>Das Zubeh\u00f6r Inner Lining Seventyseven ist eine vollst\u00e4ndig abnehmbare und waschbare Innenverkleidung f\u00fcr die DMD Seventyseven Motorradhelm Linie. Die Kopfpolsterung und die Wagenpolster sind abnehmbar, damit sie optimal passen. Mit dem Inner Lining Seventyseven k\u00f6nnen Sie die Gr\u00f6\u00dfe Ihres Seventyseven-Helms \u00e4ndern, aber nur, wenn die Gr\u00f6\u00dfe der Schale gleich ist. Sie ist von Gr\u00f6\u00dfe XS [&hellip;]<\/p>\n","protected":false},"featured_media":46830,"comment_status":"closed","ping_status":"closed","template":"","meta":{"_acf_changed":false},"product_brand":[],"product_cat":[363,130],"product_tag":[],"giftcard-category":[],"class_list":{"0":"post-46819","1":"product","2":"type-product","3":"status-publish","4":"has-post-thumbnail","6":"product_cat-accessoires-integralhelme","7":"product_cat-integralhelme","9":"first","10":"outofstock","11":"taxable","12":"shipping-taxable","13":"purchasable","14":"product-type-variable"},"acf":[],"jetpack_sharing_enabled":true,"_links":{"self":[{"href":"https:\/\/dmd.eu\/de\/wp-json\/wp\/v2\/product\/46819","targetHints":{"allow":["GET"]}}],"collection":[{"href":"https:\/\/dmd.eu\/de\/wp-json\/wp\/v2\/product"}],"about":[{"href":"https:\/\/dmd.eu\/de\/wp-json\/wp\/v2\/types\/product"}],"replies":[{"embeddable":true,"href":"https:\/\/dmd.eu\/de\/wp-json\/wp\/v2\/comments?post=46819"}],"wp:featuredmedia":[{"embeddable":true,"href":"https:\/\/dmd.eu\/de\/wp-json\/wp\/v2\/media\/46830"}],"wp:attachment":[{"href":"https:\/\/dmd.eu\/de\/wp-json\/wp\/v2\/media?parent=46819"}],"wp:term":[{"taxonomy":"product_brand","embeddable":true,"href":"https:\/\/dmd.eu\/de\/wp-json\/wp\/v2\/product_brand?post=46819"},{"taxonomy":"product_cat","embeddable":true,"href":"https:\/\/dmd.eu\/de\/wp-json\/wp\/v2\/product_cat?post=46819"},{"taxonomy":"product_tag","embeddable":true,"href":"https:\/\/dmd.eu\/de\/wp-json\/wp\/v2\/product_tag?post=46819"},{"taxonomy":"giftcard-category","embeddable":true,"href":"https:\/\/dmd.eu\/de\/wp-json\/wp\/v2\/giftcard-category?post=46819"}],"curies":[{"name":"wp","href":"https:\/\/api.w.org\/{rel}","templated":true}]}}