{"id":46449,"date":"2025-07-15T15:11:47","date_gmt":"2025-07-15T13:11:47","guid":{"rendered":"https:\/\/dmd.eu\/?post_type=product&#038;p=46449"},"modified":"2025-12-02T00:13:23","modified_gmt":"2025-12-01T23:13:23","slug":"violet","status":"publish","type":"product","link":"https:\/\/dmd.eu\/de\/prodotto\/sale-de\/sale-helm\/violet\/","title":{"rendered":"VIOLET"},"content":{"rendered":"<p>Der <strong>Jet-Helm Handmade Violet<\/strong> ist komplett von Hand bemalt, die monochrome Wahl von Violett macht dieses Modell extrem elegant und zeitlos. Der <strong>Jet-Helm Handmade Violet<\/strong> ist perfekt mit Custom-Motorr\u00e4dern, Caf\u00e9 Racers oder Rollern zu kombinieren und hat einen Retro-Geschmack und erf\u00fcllt dennoch alle modernen Zulassungsstandards.<\/p>\n","protected":false},"excerpt":{"rendered":"<p>Der Jet-Helm Handmade Violet ist komplett von Hand bemalt, die monochrome Wahl von Violett macht dieses Modell extrem elegant und zeitlos. Der Jet-Helm Handmade Violet ist perfekt mit Custom-Motorr\u00e4dern, Caf\u00e9 Racers oder Rollern zu kombinieren und hat einen Retro-Geschmack und erf\u00fcllt dennoch alle modernen Zulassungsstandards.<\/p>\n","protected":false},"featured_media":46494,"comment_status":"closed","ping_status":"closed","template":"","meta":{"_acf_changed":false},"product_brand":[],"product_cat":[409,422],"product_tag":[],"giftcard-category":[],"class_list":{"0":"post-46449","1":"product","2":"type-product","3":"status-publish","4":"has-post-thumbnail","6":"product_cat-sale-de","7":"product_cat-sale-helm","9":"first","10":"instock","11":"taxable","12":"shipping-taxable","13":"purchasable","14":"product-type-variable"},"acf":[],"jetpack_sharing_enabled":true,"_links":{"self":[{"href":"https:\/\/dmd.eu\/de\/wp-json\/wp\/v2\/product\/46449","targetHints":{"allow":["GET"]}}],"collection":[{"href":"https:\/\/dmd.eu\/de\/wp-json\/wp\/v2\/product"}],"about":[{"href":"https:\/\/dmd.eu\/de\/wp-json\/wp\/v2\/types\/product"}],"replies":[{"embeddable":true,"href":"https:\/\/dmd.eu\/de\/wp-json\/wp\/v2\/comments?post=46449"}],"wp:featuredmedia":[{"embeddable":true,"href":"https:\/\/dmd.eu\/de\/wp-json\/wp\/v2\/media\/46494"}],"wp:attachment":[{"href":"https:\/\/dmd.eu\/de\/wp-json\/wp\/v2\/media?parent=46449"}],"wp:term":[{"taxonomy":"product_brand","embeddable":true,"href":"https:\/\/dmd.eu\/de\/wp-json\/wp\/v2\/product_brand?post=46449"},{"taxonomy":"product_cat","embeddable":true,"href":"https:\/\/dmd.eu\/de\/wp-json\/wp\/v2\/product_cat?post=46449"},{"taxonomy":"product_tag","embeddable":true,"href":"https:\/\/dmd.eu\/de\/wp-json\/wp\/v2\/product_tag?post=46449"},{"taxonomy":"giftcard-category","embeddable":true,"href":"https:\/\/dmd.eu\/de\/wp-json\/wp\/v2\/giftcard-category?post=46449"}],"curies":[{"name":"wp","href":"https:\/\/api.w.org\/{rel}","templated":true}]}}