{"id":43223,"date":"2025-05-16T15:30:18","date_gmt":"2025-05-16T13:30:18","guid":{"rendered":"https:\/\/dmd.eu\/prodotto\/unkategorisiert\/tabu-2\/"},"modified":"2026-04-13T11:10:43","modified_gmt":"2026-04-13T09:10:43","slug":"tabu-2","status":"publish","type":"product","link":"https:\/\/dmd.eu\/de\/prodotto\/sale-de\/sale-helm\/tabu-2\/","title":{"rendered":"TABU"},"content":{"rendered":"<p>Der Tabu Helm in limitierter Auflage ist eine Hommage an den zeitlosen Stil der legend\u00e4ren \u201eOld School\u201c. Auf gl\u00e4nzend schwarzem Untergrund verlaufen goldene und wei\u00dfe Details, die an die ikonischen Helme der 1970er erinnern und die Magie einer unvergesslichen \u00c4ra wieder aufleben lassen. Im Lieferumfang enthalten ist auch ein Offroad-Schirm, der passend zum Helmdesign gestaltet ist.<\/p>\n<p>Made in Italy.<\/p>\n","protected":false},"excerpt":{"rendered":"<p>Der Tabu Helm in limitierter Auflage ist eine Hommage an den zeitlosen Stil der legend\u00e4ren \u201eOld School\u201c. Auf gl\u00e4nzend schwarzem Untergrund verlaufen goldene und wei\u00dfe Details, die an die ikonischen Helme der 1970er erinnern und die Magie einer unvergesslichen \u00c4ra wieder aufleben lassen. Im Lieferumfang enthalten ist auch ein Offroad-Schirm, der passend zum Helmdesign gestaltet [&hellip;]<\/p>\n","protected":false},"featured_media":43519,"comment_status":"closed","ping_status":"closed","template":"","meta":{"_acf_changed":false},"product_brand":[],"product_cat":[409,422],"product_tag":[],"giftcard-category":[],"class_list":{"0":"post-43223","1":"product","2":"type-product","3":"status-publish","4":"has-post-thumbnail","6":"product_cat-sale-de","7":"product_cat-sale-helm","9":"first","10":"instock","11":"sale","12":"taxable","13":"shipping-taxable","14":"purchasable","15":"product-type-variable"},"acf":[],"jetpack_sharing_enabled":true,"_links":{"self":[{"href":"https:\/\/dmd.eu\/de\/wp-json\/wp\/v2\/product\/43223","targetHints":{"allow":["GET"]}}],"collection":[{"href":"https:\/\/dmd.eu\/de\/wp-json\/wp\/v2\/product"}],"about":[{"href":"https:\/\/dmd.eu\/de\/wp-json\/wp\/v2\/types\/product"}],"replies":[{"embeddable":true,"href":"https:\/\/dmd.eu\/de\/wp-json\/wp\/v2\/comments?post=43223"}],"wp:featuredmedia":[{"embeddable":true,"href":"https:\/\/dmd.eu\/de\/wp-json\/wp\/v2\/media\/43519"}],"wp:attachment":[{"href":"https:\/\/dmd.eu\/de\/wp-json\/wp\/v2\/media?parent=43223"}],"wp:term":[{"taxonomy":"product_brand","embeddable":true,"href":"https:\/\/dmd.eu\/de\/wp-json\/wp\/v2\/product_brand?post=43223"},{"taxonomy":"product_cat","embeddable":true,"href":"https:\/\/dmd.eu\/de\/wp-json\/wp\/v2\/product_cat?post=43223"},{"taxonomy":"product_tag","embeddable":true,"href":"https:\/\/dmd.eu\/de\/wp-json\/wp\/v2\/product_tag?post=43223"},{"taxonomy":"giftcard-category","embeddable":true,"href":"https:\/\/dmd.eu\/de\/wp-json\/wp\/v2\/giftcard-category?post=43223"}],"curies":[{"name":"wp","href":"https:\/\/api.w.org\/{rel}","templated":true}]}}