{"id":39288,"date":"2025-02-20T16:17:10","date_gmt":"2025-02-20T15:17:10","guid":{"rendered":"https:\/\/dmd.eu\/?post_type=product&#038;p=39288"},"modified":"2026-02-27T13:03:58","modified_gmt":"2026-02-27T12:03:58","slug":"seventyseven-waves","status":"publish","type":"product","link":"https:\/\/dmd.eu\/de\/prodotto\/integralhelme\/seventyseven-integralhelme\/seventyseven-waves\/","title":{"rendered":"SEVENTYSEVEN WAVES"},"content":{"rendered":"<p>Der <strong>Seventyseven Waves Integralhelm<\/strong>\u00a0ist von den Stra\u00dfenmotorr\u00e4dern der 1970er Jahre inspiriert, insbesondere von der Honda CB, deren braune Version zu den meistverkauften Modellen z\u00e4hlte. Er ist leicht, im Vintage-Stil gestaltet und verf\u00fcgt \u00fcber eine einzigartige Farbe und Grafik. Warme T\u00f6ne von Rot, Orange und Gelb schm\u00fccken den Waves-Helm.<br \/>\nWenn du ein Motorradfahrer bist, der den Vintage-Stil liebt und nach einem sicheren, bequemen und einzigartig gestalteten Helm suchst, dann w\u00e4hle den <strong>Seventyseven Waves Integralhelm<\/strong> f\u00fcr dein Custom-, Vintage-, Caf\u00e9 Racer-, Harley Davidson-, Triumph-, BMW-, Honda-, Guzzi- oder Indian-Motorrad. Er hat ein einziehbares, internes Sonnenvisier, was ihn praktisch, bequem und sicher macht.<\/p>\n","protected":false},"excerpt":{"rendered":"<p>Der Seventyseven Waves Integralhelm\u00a0ist von den Stra\u00dfenmotorr\u00e4dern der 1970er Jahre inspiriert, insbesondere von der Honda CB, deren braune Version zu den meistverkauften Modellen z\u00e4hlte. Er ist leicht, im Vintage-Stil gestaltet und verf\u00fcgt \u00fcber eine einzigartige Farbe und Grafik. Warme T\u00f6ne von Rot, Orange und Gelb schm\u00fccken den Waves-Helm. Wenn du ein Motorradfahrer bist, der den [&hellip;]<\/p>\n","protected":false},"featured_media":46583,"comment_status":"closed","ping_status":"closed","template":"","meta":{"_acf_changed":false},"product_brand":[],"product_cat":[130,464],"product_tag":[],"giftcard-category":[],"class_list":{"0":"post-39288","1":"product","2":"type-product","3":"status-publish","4":"has-post-thumbnail","6":"product_cat-integralhelme","7":"product_cat-seventyseven-integralhelme","9":"first","10":"instock","11":"taxable","12":"shipping-taxable","13":"purchasable","14":"product-type-variable"},"acf":[],"jetpack_sharing_enabled":true,"_links":{"self":[{"href":"https:\/\/dmd.eu\/de\/wp-json\/wp\/v2\/product\/39288","targetHints":{"allow":["GET"]}}],"collection":[{"href":"https:\/\/dmd.eu\/de\/wp-json\/wp\/v2\/product"}],"about":[{"href":"https:\/\/dmd.eu\/de\/wp-json\/wp\/v2\/types\/product"}],"replies":[{"embeddable":true,"href":"https:\/\/dmd.eu\/de\/wp-json\/wp\/v2\/comments?post=39288"}],"wp:featuredmedia":[{"embeddable":true,"href":"https:\/\/dmd.eu\/de\/wp-json\/wp\/v2\/media\/46583"}],"wp:attachment":[{"href":"https:\/\/dmd.eu\/de\/wp-json\/wp\/v2\/media?parent=39288"}],"wp:term":[{"taxonomy":"product_brand","embeddable":true,"href":"https:\/\/dmd.eu\/de\/wp-json\/wp\/v2\/product_brand?post=39288"},{"taxonomy":"product_cat","embeddable":true,"href":"https:\/\/dmd.eu\/de\/wp-json\/wp\/v2\/product_cat?post=39288"},{"taxonomy":"product_tag","embeddable":true,"href":"https:\/\/dmd.eu\/de\/wp-json\/wp\/v2\/product_tag?post=39288"},{"taxonomy":"giftcard-category","embeddable":true,"href":"https:\/\/dmd.eu\/de\/wp-json\/wp\/v2\/giftcard-category?post=39288"}],"curies":[{"name":"wp","href":"https:\/\/api.w.org\/{rel}","templated":true}]}}