{"id":38434,"date":"2025-02-12T12:24:58","date_gmt":"2025-02-12T11:24:58","guid":{"rendered":"https:\/\/dmd.eu\/?post_type=product&#038;p=38434"},"modified":"2026-03-17T16:48:58","modified_gmt":"2026-03-17T15:48:58","slug":"p1-cipria","status":"publish","type":"product","link":"https:\/\/dmd.eu\/de\/prodotto\/jet-helme\/p1-helme\/p1-cipria\/","title":{"rendered":"P1 CIPRIA"},"content":{"rendered":"<p>Der <strong>P1 Cipria Helm<\/strong> ist ein <strong>Demi-Jet-Modell<\/strong> mit kompakter Schale und gl\u00e4nzender Lackierung. Die einfarbige rosa Farbe macht ihn unverwechselbar und leicht kombinierbar.<br \/>\nEntwickelt f\u00fcr alle, die einen bequemen und sicheren Helm suchen, geeignet f\u00fcr den urbanen Gebrauch. Zugelassen nach der europ\u00e4ischen Norm ECE 22.06.<\/p>\n","protected":false},"excerpt":{"rendered":"<p>Der P1 Cipria Helm ist ein Demi-Jet-Modell mit kompakter Schale und gl\u00e4nzender Lackierung. Die einfarbige rosa Farbe macht ihn unverwechselbar und leicht kombinierbar. Entwickelt f\u00fcr alle, die einen bequemen und sicheren Helm suchen, geeignet f\u00fcr den urbanen Gebrauch. Zugelassen nach der europ\u00e4ischen Norm ECE 22.06.<\/p>\n","protected":false},"featured_media":46077,"comment_status":"closed","ping_status":"closed","template":"","meta":{"_acf_changed":false},"product_brand":[],"product_cat":[121,125],"product_tag":[],"giftcard-category":[],"class_list":{"0":"post-38434","1":"product","2":"type-product","3":"status-publish","4":"has-post-thumbnail","6":"product_cat-jet-helme","7":"product_cat-p1-helme","9":"first","10":"instock","11":"taxable","12":"shipping-taxable","13":"purchasable","14":"product-type-variable"},"acf":[],"jetpack_sharing_enabled":true,"_links":{"self":[{"href":"https:\/\/dmd.eu\/de\/wp-json\/wp\/v2\/product\/38434","targetHints":{"allow":["GET"]}}],"collection":[{"href":"https:\/\/dmd.eu\/de\/wp-json\/wp\/v2\/product"}],"about":[{"href":"https:\/\/dmd.eu\/de\/wp-json\/wp\/v2\/types\/product"}],"replies":[{"embeddable":true,"href":"https:\/\/dmd.eu\/de\/wp-json\/wp\/v2\/comments?post=38434"}],"wp:featuredmedia":[{"embeddable":true,"href":"https:\/\/dmd.eu\/de\/wp-json\/wp\/v2\/media\/46077"}],"wp:attachment":[{"href":"https:\/\/dmd.eu\/de\/wp-json\/wp\/v2\/media?parent=38434"}],"wp:term":[{"taxonomy":"product_brand","embeddable":true,"href":"https:\/\/dmd.eu\/de\/wp-json\/wp\/v2\/product_brand?post=38434"},{"taxonomy":"product_cat","embeddable":true,"href":"https:\/\/dmd.eu\/de\/wp-json\/wp\/v2\/product_cat?post=38434"},{"taxonomy":"product_tag","embeddable":true,"href":"https:\/\/dmd.eu\/de\/wp-json\/wp\/v2\/product_tag?post=38434"},{"taxonomy":"giftcard-category","embeddable":true,"href":"https:\/\/dmd.eu\/de\/wp-json\/wp\/v2\/giftcard-category?post=38434"}],"curies":[{"name":"wp","href":"https:\/\/api.w.org\/{rel}","templated":true}]}}