{"id":38370,"date":"2025-02-12T12:14:16","date_gmt":"2025-02-12T11:14:16","guid":{"rendered":"https:\/\/dmd.eu\/?post_type=product&#038;p=38370"},"modified":"2026-03-17T16:48:33","modified_gmt":"2026-03-17T15:48:33","slug":"p1-olive-gold","status":"publish","type":"product","link":"https:\/\/dmd.eu\/de\/prodotto\/jet-helme\/p1-helme\/p1-olive-gold\/","title":{"rendered":"P1 OLIVE GOLD"},"content":{"rendered":"<p>Der <strong>P1<\/strong> <strong>Olive Gold<\/strong> <strong>Demi-Jet-Helm<\/strong> ist ein leichter und kompakter Helm, der f\u00fcr den urbanen Gebrauch entwickelt wurde und f\u00fcr alle geeignet ist, die einen unverwechselbaren Stil suchen, ohne auf Sicherheit zu verzichten. Die Schale hat eine matte gr\u00fcn\/goldene Oberfl\u00e4che, elegant und leicht kombinierbar. Er ist kompatibel mit Custom-, Vintage-, Caf\u00e9 Racer-Motorr\u00e4dern und Rollern. Das schlichte Design macht ihn auch auf t\u00e4glichen Fahrten bequem. ECE 22.06 Zulassung.<\/p>\n","protected":false},"excerpt":{"rendered":"<p>Der P1 Olive Gold Demi-Jet-Helm ist ein leichter und kompakter Helm, der f\u00fcr den urbanen Gebrauch entwickelt wurde und f\u00fcr alle geeignet ist, die einen unverwechselbaren Stil suchen, ohne auf Sicherheit zu verzichten. Die Schale hat eine matte gr\u00fcn\/goldene Oberfl\u00e4che, elegant und leicht kombinierbar. Er ist kompatibel mit Custom-, Vintage-, Caf\u00e9 Racer-Motorr\u00e4dern und Rollern. Das [&hellip;]<\/p>\n","protected":false},"featured_media":45555,"comment_status":"closed","ping_status":"closed","template":"","meta":{"_acf_changed":false},"product_brand":[],"product_cat":[121,125],"product_tag":[],"giftcard-category":[],"class_list":{"0":"post-38370","1":"product","2":"type-product","3":"status-publish","4":"has-post-thumbnail","6":"product_cat-jet-helme","7":"product_cat-p1-helme","9":"first","10":"instock","11":"taxable","12":"shipping-taxable","13":"purchasable","14":"product-type-variable"},"acf":[],"jetpack_sharing_enabled":true,"_links":{"self":[{"href":"https:\/\/dmd.eu\/de\/wp-json\/wp\/v2\/product\/38370","targetHints":{"allow":["GET"]}}],"collection":[{"href":"https:\/\/dmd.eu\/de\/wp-json\/wp\/v2\/product"}],"about":[{"href":"https:\/\/dmd.eu\/de\/wp-json\/wp\/v2\/types\/product"}],"replies":[{"embeddable":true,"href":"https:\/\/dmd.eu\/de\/wp-json\/wp\/v2\/comments?post=38370"}],"wp:featuredmedia":[{"embeddable":true,"href":"https:\/\/dmd.eu\/de\/wp-json\/wp\/v2\/media\/45555"}],"wp:attachment":[{"href":"https:\/\/dmd.eu\/de\/wp-json\/wp\/v2\/media?parent=38370"}],"wp:term":[{"taxonomy":"product_brand","embeddable":true,"href":"https:\/\/dmd.eu\/de\/wp-json\/wp\/v2\/product_brand?post=38370"},{"taxonomy":"product_cat","embeddable":true,"href":"https:\/\/dmd.eu\/de\/wp-json\/wp\/v2\/product_cat?post=38370"},{"taxonomy":"product_tag","embeddable":true,"href":"https:\/\/dmd.eu\/de\/wp-json\/wp\/v2\/product_tag?post=38370"},{"taxonomy":"giftcard-category","embeddable":true,"href":"https:\/\/dmd.eu\/de\/wp-json\/wp\/v2\/giftcard-category?post=38370"}],"curies":[{"name":"wp","href":"https:\/\/api.w.org\/{rel}","templated":true}]}}