{"id":38305,"date":"2025-02-12T11:26:48","date_gmt":"2025-02-12T10:26:48","guid":{"rendered":"https:\/\/dmd.eu\/?post_type=product&#038;p=38305"},"modified":"2026-03-17T16:48:06","modified_gmt":"2026-03-17T15:48:06","slug":"p1-aluminium","status":"publish","type":"product","link":"https:\/\/dmd.eu\/de\/prodotto\/jet-helme\/p1-helme\/p1-aluminium\/","title":{"rendered":"P1 ALUMINIUM"},"content":{"rendered":"<p>Der <strong>P1 Aluminium Demi-Jet-Helm<\/strong> ist in mattem Grau erh\u00e4ltlich. Das schlichte und kompakte Design passt perfekt zu Custom-, Vintage- und Caf\u00e9-Racer-Motorr\u00e4dern sowie zu Scootern. Er ist leicht, praktisch und entspricht der Sicherheitsnorm ECE 22.06.<\/p>\n","protected":false},"excerpt":{"rendered":"<p>Der P1 Aluminium Demi-Jet-Helm ist in mattem Grau erh\u00e4ltlich. Das schlichte und kompakte Design passt perfekt zu Custom-, Vintage- und Caf\u00e9-Racer-Motorr\u00e4dern sowie zu Scootern. Er ist leicht, praktisch und entspricht der Sicherheitsnorm ECE 22.06.<\/p>\n","protected":false},"featured_media":45596,"comment_status":"closed","ping_status":"closed","template":"","meta":{"_acf_changed":false},"product_brand":[],"product_cat":[121,125],"product_tag":[],"giftcard-category":[],"class_list":{"0":"post-38305","1":"product","2":"type-product","3":"status-publish","4":"has-post-thumbnail","6":"product_cat-jet-helme","7":"product_cat-p1-helme","9":"first","10":"instock","11":"taxable","12":"shipping-taxable","13":"purchasable","14":"product-type-variable"},"acf":[],"jetpack_sharing_enabled":true,"_links":{"self":[{"href":"https:\/\/dmd.eu\/de\/wp-json\/wp\/v2\/product\/38305","targetHints":{"allow":["GET"]}}],"collection":[{"href":"https:\/\/dmd.eu\/de\/wp-json\/wp\/v2\/product"}],"about":[{"href":"https:\/\/dmd.eu\/de\/wp-json\/wp\/v2\/types\/product"}],"replies":[{"embeddable":true,"href":"https:\/\/dmd.eu\/de\/wp-json\/wp\/v2\/comments?post=38305"}],"wp:featuredmedia":[{"embeddable":true,"href":"https:\/\/dmd.eu\/de\/wp-json\/wp\/v2\/media\/45596"}],"wp:attachment":[{"href":"https:\/\/dmd.eu\/de\/wp-json\/wp\/v2\/media?parent=38305"}],"wp:term":[{"taxonomy":"product_brand","embeddable":true,"href":"https:\/\/dmd.eu\/de\/wp-json\/wp\/v2\/product_brand?post=38305"},{"taxonomy":"product_cat","embeddable":true,"href":"https:\/\/dmd.eu\/de\/wp-json\/wp\/v2\/product_cat?post=38305"},{"taxonomy":"product_tag","embeddable":true,"href":"https:\/\/dmd.eu\/de\/wp-json\/wp\/v2\/product_tag?post=38305"},{"taxonomy":"giftcard-category","embeddable":true,"href":"https:\/\/dmd.eu\/de\/wp-json\/wp\/v2\/giftcard-category?post=38305"}],"curies":[{"name":"wp","href":"https:\/\/api.w.org\/{rel}","templated":true}]}}