{"id":38241,"date":"2025-02-12T11:15:35","date_gmt":"2025-02-12T10:15:35","guid":{"rendered":"https:\/\/dmd.eu\/?post_type=product&#038;p=38241"},"modified":"2026-01-13T17:08:21","modified_gmt":"2026-01-13T16:08:21","slug":"p1-white","status":"publish","type":"product","link":"https:\/\/dmd.eu\/de\/prodotto\/jet-helme\/p1-helme\/p1-white\/","title":{"rendered":"P1 WHITE"},"content":{"rendered":"<p>Der <strong>P1 White Demi-Jet-Helm<\/strong>, vollst\u00e4ndig in Wei\u00df gehalten, ist das ideale Produkt f\u00fcr Motorradfahrer, die den Stil der 70er-Jahre lieben, aber auch f\u00fcr Rollerfahrer, die einen bequemen, kleinen, sicheren und originellen Helm suchen.<\/p>\n","protected":false},"excerpt":{"rendered":"<p>Der P1 White Demi-Jet-Helm, vollst\u00e4ndig in Wei\u00df gehalten, ist das ideale Produkt f\u00fcr Motorradfahrer, die den Stil der 70er-Jahre lieben, aber auch f\u00fcr Rollerfahrer, die einen bequemen, kleinen, sicheren und originellen Helm suchen.<\/p>\n","protected":false},"featured_media":46082,"comment_status":"closed","ping_status":"closed","template":"","meta":{"_acf_changed":false},"product_brand":[],"product_cat":[121,125],"product_tag":[],"giftcard-category":[],"class_list":{"0":"post-38241","1":"product","2":"type-product","3":"status-publish","4":"has-post-thumbnail","6":"product_cat-jet-helme","7":"product_cat-p1-helme","9":"first","10":"instock","11":"taxable","12":"shipping-taxable","13":"purchasable","14":"product-type-variable"},"acf":[],"jetpack_sharing_enabled":true,"_links":{"self":[{"href":"https:\/\/dmd.eu\/de\/wp-json\/wp\/v2\/product\/38241","targetHints":{"allow":["GET"]}}],"collection":[{"href":"https:\/\/dmd.eu\/de\/wp-json\/wp\/v2\/product"}],"about":[{"href":"https:\/\/dmd.eu\/de\/wp-json\/wp\/v2\/types\/product"}],"replies":[{"embeddable":true,"href":"https:\/\/dmd.eu\/de\/wp-json\/wp\/v2\/comments?post=38241"}],"wp:featuredmedia":[{"embeddable":true,"href":"https:\/\/dmd.eu\/de\/wp-json\/wp\/v2\/media\/46082"}],"wp:attachment":[{"href":"https:\/\/dmd.eu\/de\/wp-json\/wp\/v2\/media?parent=38241"}],"wp:term":[{"taxonomy":"product_brand","embeddable":true,"href":"https:\/\/dmd.eu\/de\/wp-json\/wp\/v2\/product_brand?post=38241"},{"taxonomy":"product_cat","embeddable":true,"href":"https:\/\/dmd.eu\/de\/wp-json\/wp\/v2\/product_cat?post=38241"},{"taxonomy":"product_tag","embeddable":true,"href":"https:\/\/dmd.eu\/de\/wp-json\/wp\/v2\/product_tag?post=38241"},{"taxonomy":"giftcard-category","embeddable":true,"href":"https:\/\/dmd.eu\/de\/wp-json\/wp\/v2\/giftcard-category?post=38241"}],"curies":[{"name":"wp","href":"https:\/\/api.w.org\/{rel}","templated":true}]}}