{"id":38173,"date":"2025-02-12T10:54:11","date_gmt":"2025-02-12T09:54:11","guid":{"rendered":"https:\/\/dmd.eu\/?post_type=product&#038;p=38173"},"modified":"2026-03-09T22:52:07","modified_gmt":"2026-03-09T21:52:07","slug":"p1-black","status":"publish","type":"product","link":"https:\/\/dmd.eu\/de\/prodotto\/jet-helme\/p1-helme\/p1-black\/","title":{"rendered":"P1 BLACK"},"content":{"rendered":"<p>Der <strong>P1 Black Helm<\/strong> ist ein gl\u00e4nzendes schwarzes <strong>Demi-Jet-Modell<\/strong>. Er verf\u00fcgt \u00fcber eine kompakte Schale und eine gleichm\u00e4\u00dfige Oberfl\u00e4che, die ihn elegant und leicht an jeden Stil anpassbar macht. F\u00fcr den t\u00e4glichen urbanen Gebrauch konzipiert, ist er nach dem Standard ECE 22.06 zertifiziert.<\/p>\n","protected":false},"excerpt":{"rendered":"<p>Der P1 Black Helm ist ein gl\u00e4nzendes schwarzes Demi-Jet-Modell. Er verf\u00fcgt \u00fcber eine kompakte Schale und eine gleichm\u00e4\u00dfige Oberfl\u00e4che, die ihn elegant und leicht an jeden Stil anpassbar macht. F\u00fcr den t\u00e4glichen urbanen Gebrauch konzipiert, ist er nach dem Standard ECE 22.06 zertifiziert.<\/p>\n","protected":false},"featured_media":45676,"comment_status":"closed","ping_status":"closed","template":"","meta":{"_acf_changed":false},"product_brand":[],"product_cat":[121,125],"product_tag":[],"giftcard-category":[],"class_list":{"0":"post-38173","1":"product","2":"type-product","3":"status-publish","4":"has-post-thumbnail","6":"product_cat-jet-helme","7":"product_cat-p1-helme","9":"first","10":"instock","11":"taxable","12":"shipping-taxable","13":"purchasable","14":"product-type-variable"},"acf":[],"jetpack_sharing_enabled":true,"_links":{"self":[{"href":"https:\/\/dmd.eu\/de\/wp-json\/wp\/v2\/product\/38173","targetHints":{"allow":["GET"]}}],"collection":[{"href":"https:\/\/dmd.eu\/de\/wp-json\/wp\/v2\/product"}],"about":[{"href":"https:\/\/dmd.eu\/de\/wp-json\/wp\/v2\/types\/product"}],"replies":[{"embeddable":true,"href":"https:\/\/dmd.eu\/de\/wp-json\/wp\/v2\/comments?post=38173"}],"wp:featuredmedia":[{"embeddable":true,"href":"https:\/\/dmd.eu\/de\/wp-json\/wp\/v2\/media\/45676"}],"wp:attachment":[{"href":"https:\/\/dmd.eu\/de\/wp-json\/wp\/v2\/media?parent=38173"}],"wp:term":[{"taxonomy":"product_brand","embeddable":true,"href":"https:\/\/dmd.eu\/de\/wp-json\/wp\/v2\/product_brand?post=38173"},{"taxonomy":"product_cat","embeddable":true,"href":"https:\/\/dmd.eu\/de\/wp-json\/wp\/v2\/product_cat?post=38173"},{"taxonomy":"product_tag","embeddable":true,"href":"https:\/\/dmd.eu\/de\/wp-json\/wp\/v2\/product_tag?post=38173"},{"taxonomy":"giftcard-category","embeddable":true,"href":"https:\/\/dmd.eu\/de\/wp-json\/wp\/v2\/giftcard-category?post=38173"}],"curies":[{"name":"wp","href":"https:\/\/api.w.org\/{rel}","templated":true}]}}