{"id":38112,"date":"2025-02-12T10:43:12","date_gmt":"2025-02-12T09:43:12","guid":{"rendered":"https:\/\/dmd.eu\/?post_type=product&#038;p=38112"},"modified":"2026-03-17T16:49:42","modified_gmt":"2026-03-17T15:49:42","slug":"p1-matt-grey","status":"publish","type":"product","link":"https:\/\/dmd.eu\/de\/prodotto\/jet-helme\/p1-helme\/p1-matt-grey\/","title":{"rendered":"P1 MATT GREY"},"content":{"rendered":"<p>Der <strong>P1 Matt Grey Demi-Jet-Helm<\/strong> verf\u00fcgt \u00fcber eine neutrale und vielseitige matte graue Oberfl\u00e4che. Das kompakte Design macht ihn geeignet f\u00fcr Custom-, Vintage-, Caf\u00e9 Racer-Motorr\u00e4der und Roller.<br \/>\nEr ist leicht, bequem f\u00fcr den t\u00e4glichen Gebrauch und entspricht der Norm ECE 22.06.<\/p>\n","protected":false},"excerpt":{"rendered":"<p>Der P1 Matt Grey Demi-Jet-Helm verf\u00fcgt \u00fcber eine neutrale und vielseitige matte graue Oberfl\u00e4che. Das kompakte Design macht ihn geeignet f\u00fcr Custom-, Vintage-, Caf\u00e9 Racer-Motorr\u00e4der und Roller. Er ist leicht, bequem f\u00fcr den t\u00e4glichen Gebrauch und entspricht der Norm ECE 22.06.<\/p>\n","protected":false},"featured_media":46092,"comment_status":"closed","ping_status":"closed","template":"","meta":{"_acf_changed":false},"product_brand":[],"product_cat":[121,125],"product_tag":[],"giftcard-category":[],"class_list":{"0":"post-38112","1":"product","2":"type-product","3":"status-publish","4":"has-post-thumbnail","6":"product_cat-jet-helme","7":"product_cat-p1-helme","9":"first","10":"instock","11":"taxable","12":"shipping-taxable","13":"purchasable","14":"product-type-variable"},"acf":[],"jetpack_sharing_enabled":true,"_links":{"self":[{"href":"https:\/\/dmd.eu\/de\/wp-json\/wp\/v2\/product\/38112","targetHints":{"allow":["GET"]}}],"collection":[{"href":"https:\/\/dmd.eu\/de\/wp-json\/wp\/v2\/product"}],"about":[{"href":"https:\/\/dmd.eu\/de\/wp-json\/wp\/v2\/types\/product"}],"replies":[{"embeddable":true,"href":"https:\/\/dmd.eu\/de\/wp-json\/wp\/v2\/comments?post=38112"}],"wp:featuredmedia":[{"embeddable":true,"href":"https:\/\/dmd.eu\/de\/wp-json\/wp\/v2\/media\/46092"}],"wp:attachment":[{"href":"https:\/\/dmd.eu\/de\/wp-json\/wp\/v2\/media?parent=38112"}],"wp:term":[{"taxonomy":"product_brand","embeddable":true,"href":"https:\/\/dmd.eu\/de\/wp-json\/wp\/v2\/product_brand?post=38112"},{"taxonomy":"product_cat","embeddable":true,"href":"https:\/\/dmd.eu\/de\/wp-json\/wp\/v2\/product_cat?post=38112"},{"taxonomy":"product_tag","embeddable":true,"href":"https:\/\/dmd.eu\/de\/wp-json\/wp\/v2\/product_tag?post=38112"},{"taxonomy":"giftcard-category","embeddable":true,"href":"https:\/\/dmd.eu\/de\/wp-json\/wp\/v2\/giftcard-category?post=38112"}],"curies":[{"name":"wp","href":"https:\/\/api.w.org\/{rel}","templated":true}]}}