{"id":37369,"date":"2025-01-30T17:31:53","date_gmt":"2025-01-30T16:31:53","guid":{"rendered":"https:\/\/dmd.eu\/?post_type=product&#038;p=37369"},"modified":"2026-02-23T11:02:51","modified_gmt":"2026-02-23T10:02:51","slug":"line","status":"publish","type":"product","link":"https:\/\/dmd.eu\/de\/prodotto\/handmade-motorradhelme\/line\/","title":{"rendered":"LINE"},"content":{"rendered":"<p>Der <strong>Integralhelm<\/strong> <strong>Handmade Line<\/strong> zeichnet sich durch ein klares Design aus, das Innovation und Technologie vereint. Dieses Modell geh\u00f6rt zur Handmade-Kollektion, da es vollst\u00e4ndig handlackiert ist und durch eine spezielle Oberfl\u00e4che einen &#8222;gebrauchten\u201c Effekt erh\u00e4lt, wodurch jedes St\u00fcck einzigartig wird. Ein Integralhelm im klassischen Stil, der die glorreichen Jahre des Motorsports w\u00fcrdigt und deren Geist zeitgem\u00e4\u00df interpretiert. Markant und eindrucksvoll, in dieser cremefarbenen Variante mit Racing-Linien, die von Gr\u00fcn in warme Rot-, Orange- und Gelbt\u00f6ne \u00fcbergehen.<br \/>\nMatte Lackierung.<br \/>\nHergestellt in Italien, mit Leidenschaft.<\/p>\n","protected":false},"excerpt":{"rendered":"<p>Der Integralhelm Handmade Line zeichnet sich durch ein klares Design aus, das Innovation und Technologie vereint. Dieses Modell geh\u00f6rt zur Handmade-Kollektion, da es vollst\u00e4ndig handlackiert ist und durch eine spezielle Oberfl\u00e4che einen &#8222;gebrauchten\u201c Effekt erh\u00e4lt, wodurch jedes St\u00fcck einzigartig wird. Ein Integralhelm im klassischen Stil, der die glorreichen Jahre des Motorsports w\u00fcrdigt und deren Geist [&hellip;]<\/p>\n","protected":false},"featured_media":37393,"comment_status":"closed","ping_status":"closed","template":"","meta":{"_acf_changed":false},"product_brand":[],"product_cat":[107],"product_tag":[],"giftcard-category":[],"class_list":{"0":"post-37369","1":"product","2":"type-product","3":"status-publish","4":"has-post-thumbnail","6":"product_cat-handmade-motorradhelme","8":"first","9":"instock","10":"taxable","11":"shipping-taxable","12":"purchasable","13":"product-type-variable"},"acf":[],"jetpack_sharing_enabled":true,"_links":{"self":[{"href":"https:\/\/dmd.eu\/de\/wp-json\/wp\/v2\/product\/37369","targetHints":{"allow":["GET"]}}],"collection":[{"href":"https:\/\/dmd.eu\/de\/wp-json\/wp\/v2\/product"}],"about":[{"href":"https:\/\/dmd.eu\/de\/wp-json\/wp\/v2\/types\/product"}],"replies":[{"embeddable":true,"href":"https:\/\/dmd.eu\/de\/wp-json\/wp\/v2\/comments?post=37369"}],"wp:featuredmedia":[{"embeddable":true,"href":"https:\/\/dmd.eu\/de\/wp-json\/wp\/v2\/media\/37393"}],"wp:attachment":[{"href":"https:\/\/dmd.eu\/de\/wp-json\/wp\/v2\/media?parent=37369"}],"wp:term":[{"taxonomy":"product_brand","embeddable":true,"href":"https:\/\/dmd.eu\/de\/wp-json\/wp\/v2\/product_brand?post=37369"},{"taxonomy":"product_cat","embeddable":true,"href":"https:\/\/dmd.eu\/de\/wp-json\/wp\/v2\/product_cat?post=37369"},{"taxonomy":"product_tag","embeddable":true,"href":"https:\/\/dmd.eu\/de\/wp-json\/wp\/v2\/product_tag?post=37369"},{"taxonomy":"giftcard-category","embeddable":true,"href":"https:\/\/dmd.eu\/de\/wp-json\/wp\/v2\/giftcard-category?post=37369"}],"curies":[{"name":"wp","href":"https:\/\/api.w.org\/{rel}","templated":true}]}}