{"id":37166,"date":"2025-01-28T11:13:55","date_gmt":"2025-01-28T10:13:55","guid":{"rendered":"https:\/\/dmd.eu\/?post_type=product&#038;p=37166"},"modified":"2025-12-02T00:13:29","modified_gmt":"2025-12-01T23:13:29","slug":"seventyseven-goggle","status":"publish","type":"product","link":"https:\/\/dmd.eu\/de\/prodotto\/integralhelme\/accessoires-integralhelme\/seventyseven-goggle\/","title":{"rendered":"SEVENTYSEVEN GOGGLE"},"content":{"rendered":"<p>Das <strong>Seventyseven Goggle Zubeh\u00f6r<\/strong> ist f\u00fcr die DMD Integral Motorradhelme gedacht, genauer gesagt f\u00fcr die Seventyseven-Linie. Es ist ein auff\u00e4lliges Visier, das sich perfekt zum Schutz der Augen w\u00e4hrend der Fahrt eignet. Die Seventyseven Goggle f\u00fcr Integralhelme Seventyseven ist in zwei Linsentypen erh\u00e4ltlich: hell oder dunkel.<\/p>\n","protected":false},"excerpt":{"rendered":"<p>Das Seventyseven Goggle Zubeh\u00f6r ist f\u00fcr die DMD Integral Motorradhelme gedacht, genauer gesagt f\u00fcr die Seventyseven-Linie. Es ist ein auff\u00e4lliges Visier, das sich perfekt zum Schutz der Augen w\u00e4hrend der Fahrt eignet. Die Seventyseven Goggle f\u00fcr Integralhelme Seventyseven ist in zwei Linsentypen erh\u00e4ltlich: hell oder dunkel.<\/p>\n","protected":false},"featured_media":37192,"comment_status":"closed","ping_status":"closed","template":"","meta":{"_acf_changed":false},"product_brand":[],"product_cat":[363,130],"product_tag":[],"giftcard-category":[],"class_list":{"0":"post-37166","1":"product","2":"type-product","3":"status-publish","4":"has-post-thumbnail","6":"product_cat-accessoires-integralhelme","7":"product_cat-integralhelme","9":"first","10":"instock","11":"taxable","12":"shipping-taxable","13":"purchasable","14":"product-type-variable"},"acf":[],"jetpack_sharing_enabled":true,"_links":{"self":[{"href":"https:\/\/dmd.eu\/de\/wp-json\/wp\/v2\/product\/37166","targetHints":{"allow":["GET"]}}],"collection":[{"href":"https:\/\/dmd.eu\/de\/wp-json\/wp\/v2\/product"}],"about":[{"href":"https:\/\/dmd.eu\/de\/wp-json\/wp\/v2\/types\/product"}],"replies":[{"embeddable":true,"href":"https:\/\/dmd.eu\/de\/wp-json\/wp\/v2\/comments?post=37166"}],"wp:featuredmedia":[{"embeddable":true,"href":"https:\/\/dmd.eu\/de\/wp-json\/wp\/v2\/media\/37192"}],"wp:attachment":[{"href":"https:\/\/dmd.eu\/de\/wp-json\/wp\/v2\/media?parent=37166"}],"wp:term":[{"taxonomy":"product_brand","embeddable":true,"href":"https:\/\/dmd.eu\/de\/wp-json\/wp\/v2\/product_brand?post=37166"},{"taxonomy":"product_cat","embeddable":true,"href":"https:\/\/dmd.eu\/de\/wp-json\/wp\/v2\/product_cat?post=37166"},{"taxonomy":"product_tag","embeddable":true,"href":"https:\/\/dmd.eu\/de\/wp-json\/wp\/v2\/product_tag?post=37166"},{"taxonomy":"giftcard-category","embeddable":true,"href":"https:\/\/dmd.eu\/de\/wp-json\/wp\/v2\/giftcard-category?post=37166"}],"curies":[{"name":"wp","href":"https:\/\/api.w.org\/{rel}","templated":true}]}}