{"id":36757,"date":"2025-01-25T12:08:43","date_gmt":"2025-01-25T11:08:43","guid":{"rendered":"https:\/\/dmd.eu\/?post_type=product&#038;p=36757"},"modified":"2026-04-02T18:27:13","modified_gmt":"2026-04-02T16:27:13","slug":"skull","status":"publish","type":"product","link":"https:\/\/dmd.eu\/de\/prodotto\/jet-helme\/retro-helme\/skull\/","title":{"rendered":"SKULL"},"content":{"rendered":"<p>Der<strong> Jet-Helm Retro Skull <\/strong>hat eine basis grau matt und ist mit charakterlich ausgepr\u00e4gten Grafiken angereichert. Geeignet f\u00fcr alle Arten von Motorr\u00e4dern, insbesondere f\u00fcr Harley Davidson, und ist Rock-Motorradfahrern gewidmet.<\/p>\n","protected":false},"excerpt":{"rendered":"<p>Der Jet-Helm Retro Skull hat eine basis grau matt und ist mit charakterlich ausgepr\u00e4gten Grafiken angereichert. Geeignet f\u00fcr alle Arten von Motorr\u00e4dern, insbesondere f\u00fcr Harley Davidson, und ist Rock-Motorradfahrern gewidmet.<\/p>\n","protected":false},"featured_media":36451,"comment_status":"closed","ping_status":"closed","template":"","meta":{"_acf_changed":false},"product_brand":[],"product_cat":[121,457],"product_tag":[],"giftcard-category":[],"class_list":{"0":"post-36757","1":"product","2":"type-product","3":"status-publish","4":"has-post-thumbnail","6":"product_cat-jet-helme","7":"product_cat-retro-helme","9":"first","10":"instock","11":"taxable","12":"shipping-taxable","13":"purchasable","14":"product-type-variable"},"acf":[],"jetpack_sharing_enabled":true,"_links":{"self":[{"href":"https:\/\/dmd.eu\/de\/wp-json\/wp\/v2\/product\/36757","targetHints":{"allow":["GET"]}}],"collection":[{"href":"https:\/\/dmd.eu\/de\/wp-json\/wp\/v2\/product"}],"about":[{"href":"https:\/\/dmd.eu\/de\/wp-json\/wp\/v2\/types\/product"}],"replies":[{"embeddable":true,"href":"https:\/\/dmd.eu\/de\/wp-json\/wp\/v2\/comments?post=36757"}],"wp:featuredmedia":[{"embeddable":true,"href":"https:\/\/dmd.eu\/de\/wp-json\/wp\/v2\/media\/36451"}],"wp:attachment":[{"href":"https:\/\/dmd.eu\/de\/wp-json\/wp\/v2\/media?parent=36757"}],"wp:term":[{"taxonomy":"product_brand","embeddable":true,"href":"https:\/\/dmd.eu\/de\/wp-json\/wp\/v2\/product_brand?post=36757"},{"taxonomy":"product_cat","embeddable":true,"href":"https:\/\/dmd.eu\/de\/wp-json\/wp\/v2\/product_cat?post=36757"},{"taxonomy":"product_tag","embeddable":true,"href":"https:\/\/dmd.eu\/de\/wp-json\/wp\/v2\/product_tag?post=36757"},{"taxonomy":"giftcard-category","embeddable":true,"href":"https:\/\/dmd.eu\/de\/wp-json\/wp\/v2\/giftcard-category?post=36757"}],"curies":[{"name":"wp","href":"https:\/\/api.w.org\/{rel}","templated":true}]}}