{"id":35989,"date":"2025-01-13T15:01:18","date_gmt":"2025-01-13T14:01:18","guid":{"rendered":"https:\/\/dmd.eu\/?post_type=product&#038;p=35989"},"modified":"2026-04-14T12:53:49","modified_gmt":"2026-04-14T10:53:49","slug":"inner-lining-retro","status":"publish","type":"product","link":"https:\/\/dmd.eu\/de\/prodotto\/jet-helme\/accessoires\/inner-lining-retro\/","title":{"rendered":"INNER LINING RETRO"},"content":{"rendered":"<p>Das <strong>Inner Lining Retro<\/strong> <strong>Zubeh\u00f6r<\/strong> ist eine Innenverkleidung f\u00fcr die DMD jet Retro Motorradhelm Linie, die vollst\u00e4ndig abnehmbar und waschbar ist. Die Kopfpolsterung und die Wangenpolster sind abnehmbar, damit sie optimal passen. Mit dem Retro-Inner-Liner k\u00f6nnen Sie die Gr\u00f6\u00dfe Ihres jet Retro-Helms \u00e4ndern, aber nur, wenn die Gr\u00f6\u00dfe der Schale gleich ist. Sie ist von den Gr\u00f6\u00dfen XS bis XXL erh\u00e4ltlich.<\/p>\n","protected":false},"excerpt":{"rendered":"<p>Das Inner Lining Retro Zubeh\u00f6r ist eine Innenverkleidung f\u00fcr die DMD jet Retro Motorradhelm Linie, die vollst\u00e4ndig abnehmbar und waschbar ist. Die Kopfpolsterung und die Wangenpolster sind abnehmbar, damit sie optimal passen. Mit dem Retro-Inner-Liner k\u00f6nnen Sie die Gr\u00f6\u00dfe Ihres jet Retro-Helms \u00e4ndern, aber nur, wenn die Gr\u00f6\u00dfe der Schale gleich ist. Sie ist von [&hellip;]<\/p>\n","protected":false},"featured_media":35998,"comment_status":"closed","ping_status":"closed","template":"","meta":{"_acf_changed":false},"product_brand":[],"product_cat":[183,121],"product_tag":[],"giftcard-category":[],"class_list":{"0":"post-35989","1":"product","2":"type-product","3":"status-publish","4":"has-post-thumbnail","6":"product_cat-accessoires","7":"product_cat-jet-helme","9":"first","10":"instock","11":"taxable","12":"shipping-taxable","13":"purchasable","14":"product-type-variable"},"acf":[],"jetpack_sharing_enabled":true,"_links":{"self":[{"href":"https:\/\/dmd.eu\/de\/wp-json\/wp\/v2\/product\/35989","targetHints":{"allow":["GET"]}}],"collection":[{"href":"https:\/\/dmd.eu\/de\/wp-json\/wp\/v2\/product"}],"about":[{"href":"https:\/\/dmd.eu\/de\/wp-json\/wp\/v2\/types\/product"}],"replies":[{"embeddable":true,"href":"https:\/\/dmd.eu\/de\/wp-json\/wp\/v2\/comments?post=35989"}],"wp:featuredmedia":[{"embeddable":true,"href":"https:\/\/dmd.eu\/de\/wp-json\/wp\/v2\/media\/35998"}],"wp:attachment":[{"href":"https:\/\/dmd.eu\/de\/wp-json\/wp\/v2\/media?parent=35989"}],"wp:term":[{"taxonomy":"product_brand","embeddable":true,"href":"https:\/\/dmd.eu\/de\/wp-json\/wp\/v2\/product_brand?post=35989"},{"taxonomy":"product_cat","embeddable":true,"href":"https:\/\/dmd.eu\/de\/wp-json\/wp\/v2\/product_cat?post=35989"},{"taxonomy":"product_tag","embeddable":true,"href":"https:\/\/dmd.eu\/de\/wp-json\/wp\/v2\/product_tag?post=35989"},{"taxonomy":"giftcard-category","embeddable":true,"href":"https:\/\/dmd.eu\/de\/wp-json\/wp\/v2\/giftcard-category?post=35989"}],"curies":[{"name":"wp","href":"https:\/\/api.w.org\/{rel}","templated":true}]}}