{"id":32688,"date":"2024-11-15T14:41:32","date_gmt":"2024-11-15T13:41:32","guid":{"rendered":"https:\/\/dmd.eu\/?post_type=product&#038;p=32688"},"modified":"2026-04-11T10:01:54","modified_gmt":"2026-04-11T08:01:54","slug":"seventyseven-crayon-grey","status":"publish","type":"product","link":"https:\/\/dmd.eu\/de\/prodotto\/integralhelme\/seventyseven-integralhelme\/seventyseven-crayon-grey\/","title":{"rendered":"SEVENTYSEVEN CRAYON GREY"},"content":{"rendered":"<p>Der\u00a0<strong>Seventyseven Crayon Grey <\/strong>Integralhelm ist von einem ikonischen Modell aus den 1970er Jahren inspiriert.<br \/>\nEr ist sehr leicht und bietet maximalen Tragekomfort, wobei die typische Sicherheit eines Integralhelms gew\u00e4hrleistet wird. Seine neutrale Basis macht ihn passend f\u00fcr jede Art von Motorrad, sei es ein Custom-, Vintage- oder Caf\u00e9 Racer-Motorrad. Er hat ein einziehbares, internes Sonnenvisier, was ihn praktisch, bequem und sicher macht.<\/p>\n","protected":false},"excerpt":{"rendered":"<p>Der\u00a0Seventyseven Crayon Grey Integralhelm ist von einem ikonischen Modell aus den 1970er Jahren inspiriert. Er ist sehr leicht und bietet maximalen Tragekomfort, wobei die typische Sicherheit eines Integralhelms gew\u00e4hrleistet wird. Seine neutrale Basis macht ihn passend f\u00fcr jede Art von Motorrad, sei es ein Custom-, Vintage- oder Caf\u00e9 Racer-Motorrad. Er hat ein einziehbares, internes Sonnenvisier, [&hellip;]<\/p>\n","protected":false},"featured_media":46683,"comment_status":"closed","ping_status":"closed","template":"","meta":{"_acf_changed":false},"product_brand":[],"product_cat":[130,464],"product_tag":[],"giftcard-category":[],"class_list":{"0":"post-32688","1":"product","2":"type-product","3":"status-publish","4":"has-post-thumbnail","6":"product_cat-integralhelme","7":"product_cat-seventyseven-integralhelme","9":"first","10":"instock","11":"taxable","12":"shipping-taxable","13":"purchasable","14":"product-type-variable"},"acf":[],"jetpack_sharing_enabled":true,"_links":{"self":[{"href":"https:\/\/dmd.eu\/de\/wp-json\/wp\/v2\/product\/32688","targetHints":{"allow":["GET"]}}],"collection":[{"href":"https:\/\/dmd.eu\/de\/wp-json\/wp\/v2\/product"}],"about":[{"href":"https:\/\/dmd.eu\/de\/wp-json\/wp\/v2\/types\/product"}],"replies":[{"embeddable":true,"href":"https:\/\/dmd.eu\/de\/wp-json\/wp\/v2\/comments?post=32688"}],"wp:featuredmedia":[{"embeddable":true,"href":"https:\/\/dmd.eu\/de\/wp-json\/wp\/v2\/media\/46683"}],"wp:attachment":[{"href":"https:\/\/dmd.eu\/de\/wp-json\/wp\/v2\/media?parent=32688"}],"wp:term":[{"taxonomy":"product_brand","embeddable":true,"href":"https:\/\/dmd.eu\/de\/wp-json\/wp\/v2\/product_brand?post=32688"},{"taxonomy":"product_cat","embeddable":true,"href":"https:\/\/dmd.eu\/de\/wp-json\/wp\/v2\/product_cat?post=32688"},{"taxonomy":"product_tag","embeddable":true,"href":"https:\/\/dmd.eu\/de\/wp-json\/wp\/v2\/product_tag?post=32688"},{"taxonomy":"giftcard-category","embeddable":true,"href":"https:\/\/dmd.eu\/de\/wp-json\/wp\/v2\/giftcard-category?post=32688"}],"curies":[{"name":"wp","href":"https:\/\/api.w.org\/{rel}","templated":true}]}}