{"id":32142,"date":"2024-11-15T11:34:43","date_gmt":"2024-11-15T10:34:43","guid":{"rendered":"https:\/\/dmd.eu\/?post_type=product&#038;p=32142"},"modified":"2025-12-02T00:13:35","modified_gmt":"2025-12-01T23:13:35","slug":"seventyseven-matt-black","status":"publish","type":"product","link":"https:\/\/dmd.eu\/de\/prodotto\/integralhelme\/seventyseven-integralhelme\/seventyseven-matt-black\/","title":{"rendered":"SEVENTYSEVEN MATT BLACK"},"content":{"rendered":"<p>Der <strong>Seventyseven Matt Black<\/strong> Integralhelm ist von einem ikonischen Modell aus den 1970er Jahren inspiriert. Er ist sehr leicht und bietet maximalen Tragekomfort, wobei die typische Sicherheit eines Integralhelms gew\u00e4hrleistet wird. Seine neutrale Basis macht ihn passend f\u00fcr jede Art von Motorrad, sei es ein Custom-, Vintage- oder Caf\u00e9 Racer-Motorrad. Er hat ein einziehbares, internes Sonnenvisier, was ihn praktisch, bequem und sicher macht.<\/p>\n<p>&nbsp;<\/p>\n","protected":false},"excerpt":{"rendered":"<p>Der Seventyseven Matt Black Integralhelm ist von einem ikonischen Modell aus den 1970er Jahren inspiriert. Er ist sehr leicht und bietet maximalen Tragekomfort, wobei die typische Sicherheit eines Integralhelms gew\u00e4hrleistet wird. Seine neutrale Basis macht ihn passend f\u00fcr jede Art von Motorrad, sei es ein Custom-, Vintage- oder Caf\u00e9 Racer-Motorrad. Er hat ein einziehbares, internes [&hellip;]<\/p>\n","protected":false},"featured_media":46886,"comment_status":"closed","ping_status":"closed","template":"","meta":{"_acf_changed":false},"product_brand":[],"product_cat":[130,464],"product_tag":[],"giftcard-category":[],"class_list":{"0":"post-32142","1":"product","2":"type-product","3":"status-publish","4":"has-post-thumbnail","6":"product_cat-integralhelme","7":"product_cat-seventyseven-integralhelme","9":"first","10":"instock","11":"taxable","12":"shipping-taxable","13":"purchasable","14":"product-type-variable"},"acf":[],"jetpack_sharing_enabled":true,"_links":{"self":[{"href":"https:\/\/dmd.eu\/de\/wp-json\/wp\/v2\/product\/32142","targetHints":{"allow":["GET"]}}],"collection":[{"href":"https:\/\/dmd.eu\/de\/wp-json\/wp\/v2\/product"}],"about":[{"href":"https:\/\/dmd.eu\/de\/wp-json\/wp\/v2\/types\/product"}],"replies":[{"embeddable":true,"href":"https:\/\/dmd.eu\/de\/wp-json\/wp\/v2\/comments?post=32142"}],"wp:featuredmedia":[{"embeddable":true,"href":"https:\/\/dmd.eu\/de\/wp-json\/wp\/v2\/media\/46886"}],"wp:attachment":[{"href":"https:\/\/dmd.eu\/de\/wp-json\/wp\/v2\/media?parent=32142"}],"wp:term":[{"taxonomy":"product_brand","embeddable":true,"href":"https:\/\/dmd.eu\/de\/wp-json\/wp\/v2\/product_brand?post=32142"},{"taxonomy":"product_cat","embeddable":true,"href":"https:\/\/dmd.eu\/de\/wp-json\/wp\/v2\/product_cat?post=32142"},{"taxonomy":"product_tag","embeddable":true,"href":"https:\/\/dmd.eu\/de\/wp-json\/wp\/v2\/product_tag?post=32142"},{"taxonomy":"giftcard-category","embeddable":true,"href":"https:\/\/dmd.eu\/de\/wp-json\/wp\/v2\/giftcard-category?post=32142"}],"curies":[{"name":"wp","href":"https:\/\/api.w.org\/{rel}","templated":true}]}}