{"id":31792,"date":"2024-11-09T12:28:35","date_gmt":"2024-11-09T11:28:35","guid":{"rendered":"https:\/\/dmd.eu\/?post_type=product&#038;p=31792"},"modified":"2026-03-27T11:46:21","modified_gmt":"2026-03-27T10:46:21","slug":"rivale-visor-ece-22-06","status":"publish","type":"product","link":"https:\/\/dmd.eu\/de\/prodotto\/integralhelme\/accessoires-integralhelme\/rivale-visor-ece-22-06\/","title":{"rendered":"RIVALE VISOR ECE 22.06"},"content":{"rendered":"<p>Das Zubeh\u00f6r <strong>Rivale Visor<\/strong> ist f\u00fcr die Integralhelme von DMD, genauer gesagt f\u00fcr die Rivale-Serie, konzipiert. Es handelt sich um ein Visier, das zum Schutz von Gesicht und Augen mit Pinlock-Verschluss entwickelt wurde.<br \/>\nErh\u00e4ltlich in den Farben Transparent und Rauchgrau.<\/p>\n<p>Dieses Visier ist nur f\u00fcr die Modelle der Rivale-Serie mit der ECE 22.06-Zulassung kompatibel.<\/p>\n","protected":false},"excerpt":{"rendered":"<p>Das Zubeh\u00f6r Rivale Visor ist f\u00fcr die Integralhelme von DMD, genauer gesagt f\u00fcr die Rivale-Serie, konzipiert. Es handelt sich um ein Visier, das zum Schutz von Gesicht und Augen mit Pinlock-Verschluss entwickelt wurde. Erh\u00e4ltlich in den Farben Transparent und Rauchgrau. Dieses Visier ist nur f\u00fcr die Modelle der Rivale-Serie mit der ECE 22.06-Zulassung kompatibel.<\/p>\n","protected":false},"featured_media":29388,"comment_status":"closed","ping_status":"closed","template":"","meta":{"_acf_changed":false},"product_brand":[],"product_cat":[363,130],"product_tag":[],"giftcard-category":[],"class_list":{"0":"post-31792","1":"product","2":"type-product","3":"status-publish","4":"has-post-thumbnail","6":"product_cat-accessoires-integralhelme","7":"product_cat-integralhelme","9":"first","10":"instock","11":"taxable","12":"shipping-taxable","13":"purchasable","14":"product-type-variable"},"acf":[],"jetpack_sharing_enabled":true,"_links":{"self":[{"href":"https:\/\/dmd.eu\/de\/wp-json\/wp\/v2\/product\/31792","targetHints":{"allow":["GET"]}}],"collection":[{"href":"https:\/\/dmd.eu\/de\/wp-json\/wp\/v2\/product"}],"about":[{"href":"https:\/\/dmd.eu\/de\/wp-json\/wp\/v2\/types\/product"}],"replies":[{"embeddable":true,"href":"https:\/\/dmd.eu\/de\/wp-json\/wp\/v2\/comments?post=31792"}],"wp:featuredmedia":[{"embeddable":true,"href":"https:\/\/dmd.eu\/de\/wp-json\/wp\/v2\/media\/29388"}],"wp:attachment":[{"href":"https:\/\/dmd.eu\/de\/wp-json\/wp\/v2\/media?parent=31792"}],"wp:term":[{"taxonomy":"product_brand","embeddable":true,"href":"https:\/\/dmd.eu\/de\/wp-json\/wp\/v2\/product_brand?post=31792"},{"taxonomy":"product_cat","embeddable":true,"href":"https:\/\/dmd.eu\/de\/wp-json\/wp\/v2\/product_cat?post=31792"},{"taxonomy":"product_tag","embeddable":true,"href":"https:\/\/dmd.eu\/de\/wp-json\/wp\/v2\/product_tag?post=31792"},{"taxonomy":"giftcard-category","embeddable":true,"href":"https:\/\/dmd.eu\/de\/wp-json\/wp\/v2\/giftcard-category?post=31792"}],"curies":[{"name":"wp","href":"https:\/\/api.w.org\/{rel}","templated":true}]}}