{"id":26747,"date":"2024-06-04T10:40:25","date_gmt":"2024-06-04T08:40:25","guid":{"rendered":"https:\/\/www.dmd.eu\/?post_type=product&#038;p=26747"},"modified":"2025-12-02T00:13:39","modified_gmt":"2025-12-01T23:13:39","slug":"rio","status":"publish","type":"product","link":"https:\/\/dmd.eu\/de\/prodotto\/motorradhelme-oro\/rio\/","title":{"rendered":"RIO"},"content":{"rendered":"<p>Der<strong> Jet-Helm Vintage Rio<\/strong> ist aus hochwertigen Materialien gefertigt, die ihn leicht, weich und besonders bequem machen. Die monochromatische Wahl der Petrolgr\u00fcnen Farbe mit gl\u00e4nzendem Finish in Verbindung mit der gelben Lederdichtung, verleiht dem Jet-Helm Vintage Rio <em>einen unerwarteten Hauch von Licht und ist perfekt f\u00fcr echte Fans des Retro-Stils. Die Innenausstattung aus Leder und Shalimar ist schwarz<\/em>. Es ist allen Fahrern gewidmet, die einen Qualit\u00e4tshelm lieben, der alle modernen Sicherheitsstandards erf\u00fcllt und f\u00fcr Custom, Vintage, Caf\u00e9-Racer, Harley Davidson, Triumph, BMW, Honda, Guzzi und Indian-Motorr\u00e4der geeignet ist.<\/p>\n","protected":false},"excerpt":{"rendered":"<p>Der Jet-Helm Vintage Rio ist aus hochwertigen Materialien gefertigt, die ihn leicht, weich und besonders bequem machen. Die monochromatische Wahl der Petrolgr\u00fcnen Farbe mit gl\u00e4nzendem Finish in Verbindung mit der gelben Lederdichtung, verleiht dem Jet-Helm Vintage Rio einen unerwarteten Hauch von Licht und ist perfekt f\u00fcr echte Fans des Retro-Stils. Die Innenausstattung aus Leder und [&hellip;]<\/p>\n","protected":false},"featured_media":26766,"comment_status":"closed","ping_status":"closed","template":"","meta":{"_acf_changed":false},"product_brand":[],"product_cat":[97],"product_tag":[],"giftcard-category":[],"class_list":{"0":"post-26747","1":"product","2":"type-product","3":"status-publish","4":"has-post-thumbnail","6":"product_cat-motorradhelme-oro","8":"first","9":"instock","10":"sale","11":"taxable","12":"shipping-taxable","13":"purchasable","14":"product-type-variable"},"acf":[],"jetpack_sharing_enabled":true,"_links":{"self":[{"href":"https:\/\/dmd.eu\/de\/wp-json\/wp\/v2\/product\/26747","targetHints":{"allow":["GET"]}}],"collection":[{"href":"https:\/\/dmd.eu\/de\/wp-json\/wp\/v2\/product"}],"about":[{"href":"https:\/\/dmd.eu\/de\/wp-json\/wp\/v2\/types\/product"}],"replies":[{"embeddable":true,"href":"https:\/\/dmd.eu\/de\/wp-json\/wp\/v2\/comments?post=26747"}],"wp:featuredmedia":[{"embeddable":true,"href":"https:\/\/dmd.eu\/de\/wp-json\/wp\/v2\/media\/26766"}],"wp:attachment":[{"href":"https:\/\/dmd.eu\/de\/wp-json\/wp\/v2\/media?parent=26747"}],"wp:term":[{"taxonomy":"product_brand","embeddable":true,"href":"https:\/\/dmd.eu\/de\/wp-json\/wp\/v2\/product_brand?post=26747"},{"taxonomy":"product_cat","embeddable":true,"href":"https:\/\/dmd.eu\/de\/wp-json\/wp\/v2\/product_cat?post=26747"},{"taxonomy":"product_tag","embeddable":true,"href":"https:\/\/dmd.eu\/de\/wp-json\/wp\/v2\/product_tag?post=26747"},{"taxonomy":"giftcard-category","embeddable":true,"href":"https:\/\/dmd.eu\/de\/wp-json\/wp\/v2\/giftcard-category?post=26747"}],"curies":[{"name":"wp","href":"https:\/\/api.w.org\/{rel}","templated":true}]}}