{"id":26383,"date":"2024-06-04T10:10:40","date_gmt":"2024-06-04T08:10:40","guid":{"rendered":"https:\/\/www.dmd.eu\/?post_type=product&#038;p=26383"},"modified":"2025-12-02T00:13:39","modified_gmt":"2025-12-01T23:13:39","slug":"bergamo","status":"publish","type":"product","link":"https:\/\/dmd.eu\/de\/prodotto\/motorradhelme-oro\/bergamo\/","title":{"rendered":"BERGAMO"},"content":{"rendered":"<p>Der <strong>Integralhelm <\/strong><strong>Seventyfive Bergamo<\/strong> verf\u00fcgt \u00fcber eine matt Schwarz Basis mit gr\u00fcnem Leder und Schwarz Interieur. Wie alle Produkte der Collezione Oro wird sie aus hochwertigen Materialien hergestellt, die sie leicht, weich und besonders komfortabel machen. Die neutrale Basis, die durch den Hauch von Farbe der Lederkanten bereichert wird, macht es mit jeder Art von Motorrad kombinierbar, sei es ein Custom, Vintage oder Caf\u00e9-Racer Motorrad.<\/p>\n","protected":false},"excerpt":{"rendered":"<p>Der Integralhelm Seventyfive Bergamo verf\u00fcgt \u00fcber eine matt Schwarz Basis mit gr\u00fcnem Leder und Schwarz Interieur. Wie alle Produkte der Collezione Oro wird sie aus hochwertigen Materialien hergestellt, die sie leicht, weich und besonders komfortabel machen. Die neutrale Basis, die durch den Hauch von Farbe der Lederkanten bereichert wird, macht es mit jeder Art von [&hellip;]<\/p>\n","protected":false},"featured_media":26398,"comment_status":"closed","ping_status":"closed","template":"","meta":{"_acf_changed":false},"product_brand":[],"product_cat":[97],"product_tag":[],"giftcard-category":[],"class_list":{"0":"post-26383","1":"product","2":"type-product","3":"status-publish","4":"has-post-thumbnail","6":"product_cat-motorradhelme-oro","8":"first","9":"instock","10":"sale","11":"taxable","12":"shipping-taxable","13":"purchasable","14":"product-type-variable"},"acf":[],"jetpack_sharing_enabled":true,"_links":{"self":[{"href":"https:\/\/dmd.eu\/de\/wp-json\/wp\/v2\/product\/26383","targetHints":{"allow":["GET"]}}],"collection":[{"href":"https:\/\/dmd.eu\/de\/wp-json\/wp\/v2\/product"}],"about":[{"href":"https:\/\/dmd.eu\/de\/wp-json\/wp\/v2\/types\/product"}],"replies":[{"embeddable":true,"href":"https:\/\/dmd.eu\/de\/wp-json\/wp\/v2\/comments?post=26383"}],"wp:featuredmedia":[{"embeddable":true,"href":"https:\/\/dmd.eu\/de\/wp-json\/wp\/v2\/media\/26398"}],"wp:attachment":[{"href":"https:\/\/dmd.eu\/de\/wp-json\/wp\/v2\/media?parent=26383"}],"wp:term":[{"taxonomy":"product_brand","embeddable":true,"href":"https:\/\/dmd.eu\/de\/wp-json\/wp\/v2\/product_brand?post=26383"},{"taxonomy":"product_cat","embeddable":true,"href":"https:\/\/dmd.eu\/de\/wp-json\/wp\/v2\/product_cat?post=26383"},{"taxonomy":"product_tag","embeddable":true,"href":"https:\/\/dmd.eu\/de\/wp-json\/wp\/v2\/product_tag?post=26383"},{"taxonomy":"giftcard-category","embeddable":true,"href":"https:\/\/dmd.eu\/de\/wp-json\/wp\/v2\/giftcard-category?post=26383"}],"curies":[{"name":"wp","href":"https:\/\/api.w.org\/{rel}","templated":true}]}}