{"id":25929,"date":"2024-05-28T10:37:54","date_gmt":"2024-05-28T08:37:54","guid":{"rendered":"https:\/\/www.dmd.eu\/?post_type=product&#038;p=25929"},"modified":"2025-12-02T00:13:40","modified_gmt":"2025-12-01T23:13:40","slug":"inner-lining-rivale","status":"publish","type":"product","link":"https:\/\/dmd.eu\/de\/prodotto\/integralhelme\/accessoires-integralhelme\/inner-lining-rivale\/","title":{"rendered":"INNER LINING RIVALE ECE 22.06"},"content":{"rendered":"<p>Das <strong>Zubeh\u00f6r Inner Lining Rivale<\/strong> ist eine vollst\u00e4ndig abnehmbare und waschbare Innenverkleidung f\u00fcr die DMD Rivale Motorradhelm Linie. Die Kopfpolsterung und die Wagenpolster sind abnehmbar, damit sie optimal passen. Mit dem Inner Lining Rivale k\u00f6nnen Sie die Gr\u00f6\u00dfe Ihres Rivale-Helms \u00e4ndern, aber nur, wenn die Gr\u00f6\u00dfe der Schale gleich ist. Sie ist von Gr\u00f6\u00dfe XS bis XL erh\u00e4ltlich.<\/p>\n","protected":false},"excerpt":{"rendered":"<p>Das Zubeh\u00f6r Inner Lining Rivale ist eine vollst\u00e4ndig abnehmbare und waschbare Innenverkleidung f\u00fcr die DMD Rivale Motorradhelm Linie. Die Kopfpolsterung und die Wagenpolster sind abnehmbar, damit sie optimal passen. Mit dem Inner Lining Rivale k\u00f6nnen Sie die Gr\u00f6\u00dfe Ihres Rivale-Helms \u00e4ndern, aber nur, wenn die Gr\u00f6\u00dfe der Schale gleich ist. Sie ist von Gr\u00f6\u00dfe XS [&hellip;]<\/p>\n","protected":false},"featured_media":47071,"comment_status":"closed","ping_status":"closed","template":"","meta":{"_acf_changed":false},"product_brand":[],"product_cat":[363,130],"product_tag":[],"giftcard-category":[],"class_list":{"0":"post-25929","1":"product","2":"type-product","3":"status-publish","4":"has-post-thumbnail","6":"product_cat-accessoires-integralhelme","7":"product_cat-integralhelme","9":"first","10":"instock","11":"taxable","12":"shipping-taxable","13":"purchasable","14":"product-type-variable"},"acf":[],"jetpack_sharing_enabled":true,"_links":{"self":[{"href":"https:\/\/dmd.eu\/de\/wp-json\/wp\/v2\/product\/25929","targetHints":{"allow":["GET"]}}],"collection":[{"href":"https:\/\/dmd.eu\/de\/wp-json\/wp\/v2\/product"}],"about":[{"href":"https:\/\/dmd.eu\/de\/wp-json\/wp\/v2\/types\/product"}],"replies":[{"embeddable":true,"href":"https:\/\/dmd.eu\/de\/wp-json\/wp\/v2\/comments?post=25929"}],"wp:featuredmedia":[{"embeddable":true,"href":"https:\/\/dmd.eu\/de\/wp-json\/wp\/v2\/media\/47071"}],"wp:attachment":[{"href":"https:\/\/dmd.eu\/de\/wp-json\/wp\/v2\/media?parent=25929"}],"wp:term":[{"taxonomy":"product_brand","embeddable":true,"href":"https:\/\/dmd.eu\/de\/wp-json\/wp\/v2\/product_brand?post=25929"},{"taxonomy":"product_cat","embeddable":true,"href":"https:\/\/dmd.eu\/de\/wp-json\/wp\/v2\/product_cat?post=25929"},{"taxonomy":"product_tag","embeddable":true,"href":"https:\/\/dmd.eu\/de\/wp-json\/wp\/v2\/product_tag?post=25929"},{"taxonomy":"giftcard-category","embeddable":true,"href":"https:\/\/dmd.eu\/de\/wp-json\/wp\/v2\/giftcard-category?post=25929"}],"curies":[{"name":"wp","href":"https:\/\/api.w.org\/{rel}","templated":true}]}}