{"id":25702,"date":"2024-05-22T15:31:00","date_gmt":"2024-05-22T13:31:00","guid":{"rendered":"https:\/\/www.dmd.eu\/?post_type=product&#038;p=25702"},"modified":"2026-02-07T22:02:22","modified_gmt":"2026-02-07T21:02:22","slug":"rivale-pinlock","status":"publish","type":"product","link":"https:\/\/dmd.eu\/de\/prodotto\/integralhelme\/accessoires-integralhelme\/rivale-pinlock\/","title":{"rendered":"RIVALE PINLOCK"},"content":{"rendered":"<p>Das <strong>Pinlock-Zubeh\u00f6r<\/strong> ist f\u00fcr DMD-Integralhelme, genauer gesagt f\u00fcr die Rivale-Linie, gedacht. Es ist ein Zubeh\u00f6r, das in der Innenwand des Helmvisiers installiert wird. Im Inneren bildet es einen Schlauch, der das Beschlagen des Helms verhindert.<\/p>\n","protected":false},"excerpt":{"rendered":"<p>Das Pinlock-Zubeh\u00f6r ist f\u00fcr DMD-Integralhelme, genauer gesagt f\u00fcr die Rivale-Linie, gedacht. Es ist ein Zubeh\u00f6r, das in der Innenwand des Helmvisiers installiert wird. Im Inneren bildet es einen Schlauch, der das Beschlagen des Helms verhindert.<\/p>\n","protected":false},"featured_media":55705,"comment_status":"closed","ping_status":"closed","template":"","meta":{"_acf_changed":false},"product_brand":[],"product_cat":[363,130],"product_tag":[],"giftcard-category":[],"class_list":{"0":"post-25702","1":"product","2":"type-product","3":"status-publish","4":"has-post-thumbnail","6":"product_cat-accessoires-integralhelme","7":"product_cat-integralhelme","9":"first","10":"instock","11":"taxable","12":"shipping-taxable","13":"purchasable","14":"product-type-variable"},"acf":[],"jetpack_sharing_enabled":true,"_links":{"self":[{"href":"https:\/\/dmd.eu\/de\/wp-json\/wp\/v2\/product\/25702","targetHints":{"allow":["GET"]}}],"collection":[{"href":"https:\/\/dmd.eu\/de\/wp-json\/wp\/v2\/product"}],"about":[{"href":"https:\/\/dmd.eu\/de\/wp-json\/wp\/v2\/types\/product"}],"replies":[{"embeddable":true,"href":"https:\/\/dmd.eu\/de\/wp-json\/wp\/v2\/comments?post=25702"}],"wp:featuredmedia":[{"embeddable":true,"href":"https:\/\/dmd.eu\/de\/wp-json\/wp\/v2\/media\/55705"}],"wp:attachment":[{"href":"https:\/\/dmd.eu\/de\/wp-json\/wp\/v2\/media?parent=25702"}],"wp:term":[{"taxonomy":"product_brand","embeddable":true,"href":"https:\/\/dmd.eu\/de\/wp-json\/wp\/v2\/product_brand?post=25702"},{"taxonomy":"product_cat","embeddable":true,"href":"https:\/\/dmd.eu\/de\/wp-json\/wp\/v2\/product_cat?post=25702"},{"taxonomy":"product_tag","embeddable":true,"href":"https:\/\/dmd.eu\/de\/wp-json\/wp\/v2\/product_tag?post=25702"},{"taxonomy":"giftcard-category","embeddable":true,"href":"https:\/\/dmd.eu\/de\/wp-json\/wp\/v2\/giftcard-category?post=25702"}],"curies":[{"name":"wp","href":"https:\/\/api.w.org\/{rel}","templated":true}]}}