{"id":24617,"date":"2024-05-16T12:02:06","date_gmt":"2024-05-16T10:02:06","guid":{"rendered":"https:\/\/www.dmd.eu\/?post_type=product&#038;p=24617"},"modified":"2026-04-12T17:17:21","modified_gmt":"2026-04-12T15:17:21","slug":"rivale-fuoco","status":"publish","type":"product","link":"https:\/\/dmd.eu\/de\/prodotto\/integralhelme\/rivale-integralhelme-06\/rivale-fuoco\/","title":{"rendered":"RIVALE FUOCO"},"content":{"rendered":"<p>Der <strong>Integralhelm<\/strong> <strong>Rivale Fuoco <\/strong>hat ein unverzichtbares Design, das ein Konzentrat aus Innovation und Technologie verbirgt. Dank einer neuen Tricomposite-Faser ist es uns gelungen, ein superkompaktes Produkt herzustellen, das aber allen modernen Sicherheitsstandards entspricht und eine bequeme Passform bietet. Ein Integralhelm mit klassischem Geschmack, der eine Hommage an die br\u00fcllenden Jahre des Motorsports darstellt. K\u00e4mpferisch in dieser einfarbigen Variante Matt Black mit vier Linien in warmen T\u00f6nen. Hergestellt in Italien, mit Leidenschaft.<\/p>\n","protected":false},"excerpt":{"rendered":"<p>Der Integralhelm Rivale Fuoco hat ein unverzichtbares Design, das ein Konzentrat aus Innovation und Technologie verbirgt. Dank einer neuen Tricomposite-Faser ist es uns gelungen, ein superkompaktes Produkt herzustellen, das aber allen modernen Sicherheitsstandards entspricht und eine bequeme Passform bietet. Ein Integralhelm mit klassischem Geschmack, der eine Hommage an die br\u00fcllenden Jahre des Motorsports darstellt. K\u00e4mpferisch [&hellip;]<\/p>\n","protected":false},"featured_media":35675,"comment_status":"closed","ping_status":"closed","template":"","meta":{"_acf_changed":false},"product_brand":[],"product_cat":[130,1289],"product_tag":[],"giftcard-category":[],"class_list":{"0":"post-24617","1":"product","2":"type-product","3":"status-publish","4":"has-post-thumbnail","6":"product_cat-integralhelme","7":"product_cat-rivale-integralhelme-06","9":"first","10":"instock","11":"taxable","12":"shipping-taxable","13":"purchasable","14":"product-type-variable"},"acf":[],"jetpack_sharing_enabled":true,"_links":{"self":[{"href":"https:\/\/dmd.eu\/de\/wp-json\/wp\/v2\/product\/24617","targetHints":{"allow":["GET"]}}],"collection":[{"href":"https:\/\/dmd.eu\/de\/wp-json\/wp\/v2\/product"}],"about":[{"href":"https:\/\/dmd.eu\/de\/wp-json\/wp\/v2\/types\/product"}],"replies":[{"embeddable":true,"href":"https:\/\/dmd.eu\/de\/wp-json\/wp\/v2\/comments?post=24617"}],"wp:featuredmedia":[{"embeddable":true,"href":"https:\/\/dmd.eu\/de\/wp-json\/wp\/v2\/media\/35675"}],"wp:attachment":[{"href":"https:\/\/dmd.eu\/de\/wp-json\/wp\/v2\/media?parent=24617"}],"wp:term":[{"taxonomy":"product_brand","embeddable":true,"href":"https:\/\/dmd.eu\/de\/wp-json\/wp\/v2\/product_brand?post=24617"},{"taxonomy":"product_cat","embeddable":true,"href":"https:\/\/dmd.eu\/de\/wp-json\/wp\/v2\/product_cat?post=24617"},{"taxonomy":"product_tag","embeddable":true,"href":"https:\/\/dmd.eu\/de\/wp-json\/wp\/v2\/product_tag?post=24617"},{"taxonomy":"giftcard-category","embeddable":true,"href":"https:\/\/dmd.eu\/de\/wp-json\/wp\/v2\/giftcard-category?post=24617"}],"curies":[{"name":"wp","href":"https:\/\/api.w.org\/{rel}","templated":true}]}}