{"id":24377,"date":"2024-05-15T09:43:38","date_gmt":"2024-05-15T07:43:38","guid":{"rendered":"https:\/\/www.dmd.eu\/?post_type=product&#038;p=24377"},"modified":"2025-12-02T00:13:42","modified_gmt":"2025-12-01T23:13:42","slug":"rivale-gp-06","status":"publish","type":"product","link":"https:\/\/dmd.eu\/de\/prodotto\/integralhelme\/rivale-integralhelme-06\/rivale-gp-06\/","title":{"rendered":"RIVALE GP"},"content":{"rendered":"<p>Der <strong>Integralhelm<\/strong> <strong>Rivale GP <\/strong>hat ein wesentliches Design, das ein Konzentrat aus Innovation und Technologie verbirgt. Dank einer neuen Tricomposite-Faser ist es uns gelungen, ein superkompaktes Produkt herzustellen, das aber allen modernen Sicherheitsstandards entspricht und eine bequeme Passform bietet. Ein Integralhelm mit klassischem Geschmack, der eine Hommage an die br\u00fcllenden Jahre des Motorsports darstellt. Br\u00fcllender, in dieser roten Variante mit schwarzen und wei\u00dfen Details.<br \/>\nHergestellt in Italien, mit Leidenschaft.<\/p>\n","protected":false},"excerpt":{"rendered":"<p>Der Integralhelm Rivale GP hat ein wesentliches Design, das ein Konzentrat aus Innovation und Technologie verbirgt. Dank einer neuen Tricomposite-Faser ist es uns gelungen, ein superkompaktes Produkt herzustellen, das aber allen modernen Sicherheitsstandards entspricht und eine bequeme Passform bietet. Ein Integralhelm mit klassischem Geschmack, der eine Hommage an die br\u00fcllenden Jahre des Motorsports darstellt. Br\u00fcllender, [&hellip;]<\/p>\n","protected":false},"featured_media":52040,"comment_status":"closed","ping_status":"closed","template":"","meta":{"_acf_changed":false},"product_brand":[],"product_cat":[130,1289],"product_tag":[],"giftcard-category":[],"class_list":{"0":"post-24377","1":"product","2":"type-product","3":"status-publish","4":"has-post-thumbnail","6":"product_cat-integralhelme","7":"product_cat-rivale-integralhelme-06","9":"first","10":"instock","11":"taxable","12":"shipping-taxable","13":"purchasable","14":"product-type-variable"},"acf":[],"jetpack_sharing_enabled":true,"_links":{"self":[{"href":"https:\/\/dmd.eu\/de\/wp-json\/wp\/v2\/product\/24377","targetHints":{"allow":["GET"]}}],"collection":[{"href":"https:\/\/dmd.eu\/de\/wp-json\/wp\/v2\/product"}],"about":[{"href":"https:\/\/dmd.eu\/de\/wp-json\/wp\/v2\/types\/product"}],"replies":[{"embeddable":true,"href":"https:\/\/dmd.eu\/de\/wp-json\/wp\/v2\/comments?post=24377"}],"wp:featuredmedia":[{"embeddable":true,"href":"https:\/\/dmd.eu\/de\/wp-json\/wp\/v2\/media\/52040"}],"wp:attachment":[{"href":"https:\/\/dmd.eu\/de\/wp-json\/wp\/v2\/media?parent=24377"}],"wp:term":[{"taxonomy":"product_brand","embeddable":true,"href":"https:\/\/dmd.eu\/de\/wp-json\/wp\/v2\/product_brand?post=24377"},{"taxonomy":"product_cat","embeddable":true,"href":"https:\/\/dmd.eu\/de\/wp-json\/wp\/v2\/product_cat?post=24377"},{"taxonomy":"product_tag","embeddable":true,"href":"https:\/\/dmd.eu\/de\/wp-json\/wp\/v2\/product_tag?post=24377"},{"taxonomy":"giftcard-category","embeddable":true,"href":"https:\/\/dmd.eu\/de\/wp-json\/wp\/v2\/giftcard-category?post=24377"}],"curies":[{"name":"wp","href":"https:\/\/api.w.org\/{rel}","templated":true}]}}