{"id":22878,"date":"2024-05-02T17:31:36","date_gmt":"2024-05-02T15:31:36","guid":{"rendered":"https:\/\/www.dmd.eu\/?post_type=product&#038;p=22878"},"modified":"2025-12-02T00:13:47","modified_gmt":"2025-12-01T23:13:47","slug":"petrolhead-retro","status":"publish","type":"product","link":"https:\/\/dmd.eu\/de\/prodotto\/jet-helme\/retro-helme\/petrolhead-retro\/","title":{"rendered":"PETROLHEAD"},"content":{"rendered":"<p>Der <strong>Jet-Helm Retro Petrolhead<\/strong> ist Teil der DMD Jet Retro Helmkollektion. Die Grafik dieses Jet-Helms ist auf Petrolgr\u00fcner Basis gefertigt und mit vier kontrastierenden seitlichen Pinselstrichen verziert, die an ein Paar Fl\u00fcgel erinnern. Die Wahl der Farben verleiht dem Jet-Helm Retro Petrolhead einen auff\u00e4lligen und besonderen Look, der sich perfekt f\u00fcr echte Fans des Vintage-Stils eignet.<\/p>\n","protected":false},"excerpt":{"rendered":"<p>Der Jet-Helm Retro Petrolhead ist Teil der DMD Jet Retro Helmkollektion. Die Grafik dieses Jet-Helms ist auf Petrolgr\u00fcner Basis gefertigt und mit vier kontrastierenden seitlichen Pinselstrichen verziert, die an ein Paar Fl\u00fcgel erinnern. Die Wahl der Farben verleiht dem Jet-Helm Retro Petrolhead einen auff\u00e4lligen und besonderen Look, der sich perfekt f\u00fcr echte Fans des Vintage-Stils [&hellip;]<\/p>\n","protected":false},"featured_media":45834,"comment_status":"closed","ping_status":"closed","template":"","meta":{"_acf_changed":false},"product_brand":[],"product_cat":[121,457],"product_tag":[],"giftcard-category":[],"class_list":{"0":"post-22878","1":"product","2":"type-product","3":"status-publish","4":"has-post-thumbnail","6":"product_cat-jet-helme","7":"product_cat-retro-helme","9":"first","10":"instock","11":"taxable","12":"shipping-taxable","13":"purchasable","14":"product-type-variable"},"acf":[],"jetpack_sharing_enabled":true,"_links":{"self":[{"href":"https:\/\/dmd.eu\/de\/wp-json\/wp\/v2\/product\/22878","targetHints":{"allow":["GET"]}}],"collection":[{"href":"https:\/\/dmd.eu\/de\/wp-json\/wp\/v2\/product"}],"about":[{"href":"https:\/\/dmd.eu\/de\/wp-json\/wp\/v2\/types\/product"}],"replies":[{"embeddable":true,"href":"https:\/\/dmd.eu\/de\/wp-json\/wp\/v2\/comments?post=22878"}],"wp:featuredmedia":[{"embeddable":true,"href":"https:\/\/dmd.eu\/de\/wp-json\/wp\/v2\/media\/45834"}],"wp:attachment":[{"href":"https:\/\/dmd.eu\/de\/wp-json\/wp\/v2\/media?parent=22878"}],"wp:term":[{"taxonomy":"product_brand","embeddable":true,"href":"https:\/\/dmd.eu\/de\/wp-json\/wp\/v2\/product_brand?post=22878"},{"taxonomy":"product_cat","embeddable":true,"href":"https:\/\/dmd.eu\/de\/wp-json\/wp\/v2\/product_cat?post=22878"},{"taxonomy":"product_tag","embeddable":true,"href":"https:\/\/dmd.eu\/de\/wp-json\/wp\/v2\/product_tag?post=22878"},{"taxonomy":"giftcard-category","embeddable":true,"href":"https:\/\/dmd.eu\/de\/wp-json\/wp\/v2\/giftcard-category?post=22878"}],"curies":[{"name":"wp","href":"https:\/\/api.w.org\/{rel}","templated":true}]}}