{"id":22823,"date":"2024-05-02T17:15:14","date_gmt":"2024-05-02T15:15:14","guid":{"rendered":"https:\/\/www.dmd.eu\/?post_type=product&#038;p=22823"},"modified":"2025-12-02T00:13:47","modified_gmt":"2025-12-01T23:13:47","slug":"sin-fin-retro","status":"publish","type":"product","link":"https:\/\/dmd.eu\/de\/prodotto\/jet-helme\/retro-helme\/sin-fin-retro\/","title":{"rendered":"SIN FIN"},"content":{"rendered":"<p>Der <strong>Jet-Helm Retro Sin Fin<\/strong>\u00a0zeichnet sich durch seine wei\u00dfe Grafik auf einer mattschwarzen Basis aus. Sie ruft die &#8222;Calaveras&#8220; (mexikanische Sch\u00e4del) auf und begleitet uns in eine Welt der Mythen und Legenden. Geeignet f\u00fcr alle Arten von Motorr\u00e4dern, Harley Davidson, Custom, Vintage, Caf\u00e9 Racer oder Roller.<\/p>\n","protected":false},"excerpt":{"rendered":"<p>Der Jet-Helm Retro Sin Fin\u00a0zeichnet sich durch seine wei\u00dfe Grafik auf einer mattschwarzen Basis aus. Sie ruft die &#8222;Calaveras&#8220; (mexikanische Sch\u00e4del) auf und begleitet uns in eine Welt der Mythen und Legenden. Geeignet f\u00fcr alle Arten von Motorr\u00e4dern, Harley Davidson, Custom, Vintage, Caf\u00e9 Racer oder Roller.<\/p>\n","protected":false},"featured_media":50993,"comment_status":"closed","ping_status":"closed","template":"","meta":{"_acf_changed":false},"product_brand":[],"product_cat":[121,457],"product_tag":[],"giftcard-category":[],"class_list":{"0":"post-22823","1":"product","2":"type-product","3":"status-publish","4":"has-post-thumbnail","6":"product_cat-jet-helme","7":"product_cat-retro-helme","9":"first","10":"instock","11":"taxable","12":"shipping-taxable","13":"purchasable","14":"product-type-variable"},"acf":[],"jetpack_sharing_enabled":true,"_links":{"self":[{"href":"https:\/\/dmd.eu\/de\/wp-json\/wp\/v2\/product\/22823","targetHints":{"allow":["GET"]}}],"collection":[{"href":"https:\/\/dmd.eu\/de\/wp-json\/wp\/v2\/product"}],"about":[{"href":"https:\/\/dmd.eu\/de\/wp-json\/wp\/v2\/types\/product"}],"replies":[{"embeddable":true,"href":"https:\/\/dmd.eu\/de\/wp-json\/wp\/v2\/comments?post=22823"}],"wp:featuredmedia":[{"embeddable":true,"href":"https:\/\/dmd.eu\/de\/wp-json\/wp\/v2\/media\/50993"}],"wp:attachment":[{"href":"https:\/\/dmd.eu\/de\/wp-json\/wp\/v2\/media?parent=22823"}],"wp:term":[{"taxonomy":"product_brand","embeddable":true,"href":"https:\/\/dmd.eu\/de\/wp-json\/wp\/v2\/product_brand?post=22823"},{"taxonomy":"product_cat","embeddable":true,"href":"https:\/\/dmd.eu\/de\/wp-json\/wp\/v2\/product_cat?post=22823"},{"taxonomy":"product_tag","embeddable":true,"href":"https:\/\/dmd.eu\/de\/wp-json\/wp\/v2\/product_tag?post=22823"},{"taxonomy":"giftcard-category","embeddable":true,"href":"https:\/\/dmd.eu\/de\/wp-json\/wp\/v2\/giftcard-category?post=22823"}],"curies":[{"name":"wp","href":"https:\/\/api.w.org\/{rel}","templated":true}]}}