{"id":22748,"date":"2024-05-02T17:04:23","date_gmt":"2024-05-02T15:04:23","guid":{"rendered":"https:\/\/www.dmd.eu\/?post_type=product&#038;p=22748"},"modified":"2026-04-21T11:10:38","modified_gmt":"2026-04-21T09:10:38","slug":"eagle-retro","status":"publish","type":"product","link":"https:\/\/dmd.eu\/de\/prodotto\/jet-helme\/retro-helme\/eagle-retro\/","title":{"rendered":"EAGLE"},"content":{"rendered":"<p>Der <strong>Jet-Helm Retro Eagle<\/strong>\u00a0verf\u00fcgt \u00fcber eine matte schwarze Basis mit einer ganz besonderen Grafik, die den Film Easy Rider w\u00fcrdigt. Der Helm hat Linien, die an alle Arten von Custom, Vintage, Caf\u00e9-Racer, Harley Davidson, Triumph, BMW, Honda, Guzzi oder Indian-Motorr\u00e4dern anpassbar sind.<\/p>\n","protected":false},"excerpt":{"rendered":"<p>Der Jet-Helm Retro Eagle\u00a0verf\u00fcgt \u00fcber eine matte schwarze Basis mit einer ganz besonderen Grafik, die den Film Easy Rider w\u00fcrdigt. Der Helm hat Linien, die an alle Arten von Custom, Vintage, Caf\u00e9-Racer, Harley Davidson, Triumph, BMW, Honda, Guzzi oder Indian-Motorr\u00e4dern anpassbar sind.<\/p>\n","protected":false},"featured_media":45754,"comment_status":"closed","ping_status":"closed","template":"","meta":{"_acf_changed":false},"product_brand":[],"product_cat":[121,457],"product_tag":[],"giftcard-category":[],"class_list":{"0":"post-22748","1":"product","2":"type-product","3":"status-publish","4":"has-post-thumbnail","6":"product_cat-jet-helme","7":"product_cat-retro-helme","9":"first","10":"instock","11":"taxable","12":"shipping-taxable","13":"purchasable","14":"product-type-variable"},"acf":[],"jetpack_sharing_enabled":true,"_links":{"self":[{"href":"https:\/\/dmd.eu\/de\/wp-json\/wp\/v2\/product\/22748","targetHints":{"allow":["GET"]}}],"collection":[{"href":"https:\/\/dmd.eu\/de\/wp-json\/wp\/v2\/product"}],"about":[{"href":"https:\/\/dmd.eu\/de\/wp-json\/wp\/v2\/types\/product"}],"replies":[{"embeddable":true,"href":"https:\/\/dmd.eu\/de\/wp-json\/wp\/v2\/comments?post=22748"}],"wp:featuredmedia":[{"embeddable":true,"href":"https:\/\/dmd.eu\/de\/wp-json\/wp\/v2\/media\/45754"}],"wp:attachment":[{"href":"https:\/\/dmd.eu\/de\/wp-json\/wp\/v2\/media?parent=22748"}],"wp:term":[{"taxonomy":"product_brand","embeddable":true,"href":"https:\/\/dmd.eu\/de\/wp-json\/wp\/v2\/product_brand?post=22748"},{"taxonomy":"product_cat","embeddable":true,"href":"https:\/\/dmd.eu\/de\/wp-json\/wp\/v2\/product_cat?post=22748"},{"taxonomy":"product_tag","embeddable":true,"href":"https:\/\/dmd.eu\/de\/wp-json\/wp\/v2\/product_tag?post=22748"},{"taxonomy":"giftcard-category","embeddable":true,"href":"https:\/\/dmd.eu\/de\/wp-json\/wp\/v2\/giftcard-category?post=22748"}],"curies":[{"name":"wp","href":"https:\/\/api.w.org\/{rel}","templated":true}]}}