{"id":22638,"date":"2024-05-02T16:40:21","date_gmt":"2024-05-02T14:40:21","guid":{"rendered":"https:\/\/www.dmd.eu\/?post_type=product&#038;p=22638"},"modified":"2025-12-02T00:13:48","modified_gmt":"2025-12-01T23:13:48","slug":"woodstock-retro","status":"publish","type":"product","link":"https:\/\/dmd.eu\/de\/prodotto\/jet-helme\/retro-helme\/woodstock-retro\/","title":{"rendered":"WOODSTOCK"},"content":{"rendered":"<p>Der <strong>Jet-Helm Retro Woodstock<\/strong>\u00a0war die erste Grafik, die exklusiv f\u00fcr DMD hergestellt wurde, und ist immer noch eine der beliebtesten bei den Kunden. Sie enth\u00e4lt alle Elemente einer magischen Epoche und gro\u00dfer Ver\u00e4nderungen, der der siebziger Jahre.<\/p>\n","protected":false},"excerpt":{"rendered":"<p>Der Jet-Helm Retro Woodstock\u00a0war die erste Grafik, die exklusiv f\u00fcr DMD hergestellt wurde, und ist immer noch eine der beliebtesten bei den Kunden. Sie enth\u00e4lt alle Elemente einer magischen Epoche und gro\u00dfer Ver\u00e4nderungen, der der siebziger Jahre.<\/p>\n","protected":false},"featured_media":48145,"comment_status":"closed","ping_status":"closed","template":"","meta":{"_acf_changed":false},"product_brand":[],"product_cat":[121,457],"product_tag":[],"giftcard-category":[],"class_list":{"0":"post-22638","1":"product","2":"type-product","3":"status-publish","4":"has-post-thumbnail","6":"product_cat-jet-helme","7":"product_cat-retro-helme","9":"first","10":"instock","11":"taxable","12":"shipping-taxable","13":"purchasable","14":"product-type-variable"},"acf":[],"jetpack_sharing_enabled":true,"_links":{"self":[{"href":"https:\/\/dmd.eu\/de\/wp-json\/wp\/v2\/product\/22638","targetHints":{"allow":["GET"]}}],"collection":[{"href":"https:\/\/dmd.eu\/de\/wp-json\/wp\/v2\/product"}],"about":[{"href":"https:\/\/dmd.eu\/de\/wp-json\/wp\/v2\/types\/product"}],"replies":[{"embeddable":true,"href":"https:\/\/dmd.eu\/de\/wp-json\/wp\/v2\/comments?post=22638"}],"wp:featuredmedia":[{"embeddable":true,"href":"https:\/\/dmd.eu\/de\/wp-json\/wp\/v2\/media\/48145"}],"wp:attachment":[{"href":"https:\/\/dmd.eu\/de\/wp-json\/wp\/v2\/media?parent=22638"}],"wp:term":[{"taxonomy":"product_brand","embeddable":true,"href":"https:\/\/dmd.eu\/de\/wp-json\/wp\/v2\/product_brand?post=22638"},{"taxonomy":"product_cat","embeddable":true,"href":"https:\/\/dmd.eu\/de\/wp-json\/wp\/v2\/product_cat?post=22638"},{"taxonomy":"product_tag","embeddable":true,"href":"https:\/\/dmd.eu\/de\/wp-json\/wp\/v2\/product_tag?post=22638"},{"taxonomy":"giftcard-category","embeddable":true,"href":"https:\/\/dmd.eu\/de\/wp-json\/wp\/v2\/giftcard-category?post=22638"}],"curies":[{"name":"wp","href":"https:\/\/api.w.org\/{rel}","templated":true}]}}