{"id":22583,"date":"2024-05-02T16:25:31","date_gmt":"2024-05-02T14:25:31","guid":{"rendered":"https:\/\/www.dmd.eu\/?post_type=product&#038;p=22583"},"modified":"2025-12-02T00:13:49","modified_gmt":"2025-12-01T23:13:49","slug":"circus-retro","status":"publish","type":"product","link":"https:\/\/dmd.eu\/de\/prodotto\/jet-helme\/retro-helme\/circus-retro\/","title":{"rendered":"CIRCUS"},"content":{"rendered":"<p>Der <strong>Jet-Helm Retro Circus<\/strong>\u00a0verf\u00fcgt \u00fcber eine mattwei\u00dfe Basis, die mit einer Grafik angereichert ist, die eine Reihe von Figuren aus der Zirkuswelt darstellt, die dem Helm ein sehr farbenfrohes Aussehen verleihen.<br \/>\nDer Helm erfreut den Vintage-Liebhaber, aber auch den Scooterer auf der Suche nach einem bequemen, kleinen, sicheren und originellen Helm.<\/p>\n","protected":false},"excerpt":{"rendered":"<p>Der Jet-Helm Retro Circus\u00a0verf\u00fcgt \u00fcber eine mattwei\u00dfe Basis, die mit einer Grafik angereichert ist, die eine Reihe von Figuren aus der Zirkuswelt darstellt, die dem Helm ein sehr farbenfrohes Aussehen verleihen. Der Helm erfreut den Vintage-Liebhaber, aber auch den Scooterer auf der Suche nach einem bequemen, kleinen, sicheren und originellen Helm.<\/p>\n","protected":false},"featured_media":48170,"comment_status":"closed","ping_status":"closed","template":"","meta":{"_acf_changed":false},"product_brand":[],"product_cat":[121,457],"product_tag":[],"giftcard-category":[],"class_list":{"0":"post-22583","1":"product","2":"type-product","3":"status-publish","4":"has-post-thumbnail","6":"product_cat-jet-helme","7":"product_cat-retro-helme","9":"first","10":"instock","11":"taxable","12":"shipping-taxable","13":"purchasable","14":"product-type-variable"},"acf":[],"jetpack_sharing_enabled":true,"_links":{"self":[{"href":"https:\/\/dmd.eu\/de\/wp-json\/wp\/v2\/product\/22583","targetHints":{"allow":["GET"]}}],"collection":[{"href":"https:\/\/dmd.eu\/de\/wp-json\/wp\/v2\/product"}],"about":[{"href":"https:\/\/dmd.eu\/de\/wp-json\/wp\/v2\/types\/product"}],"replies":[{"embeddable":true,"href":"https:\/\/dmd.eu\/de\/wp-json\/wp\/v2\/comments?post=22583"}],"wp:featuredmedia":[{"embeddable":true,"href":"https:\/\/dmd.eu\/de\/wp-json\/wp\/v2\/media\/48170"}],"wp:attachment":[{"href":"https:\/\/dmd.eu\/de\/wp-json\/wp\/v2\/media?parent=22583"}],"wp:term":[{"taxonomy":"product_brand","embeddable":true,"href":"https:\/\/dmd.eu\/de\/wp-json\/wp\/v2\/product_brand?post=22583"},{"taxonomy":"product_cat","embeddable":true,"href":"https:\/\/dmd.eu\/de\/wp-json\/wp\/v2\/product_cat?post=22583"},{"taxonomy":"product_tag","embeddable":true,"href":"https:\/\/dmd.eu\/de\/wp-json\/wp\/v2\/product_tag?post=22583"},{"taxonomy":"giftcard-category","embeddable":true,"href":"https:\/\/dmd.eu\/de\/wp-json\/wp\/v2\/giftcard-category?post=22583"}],"curies":[{"name":"wp","href":"https:\/\/api.w.org\/{rel}","templated":true}]}}