{"id":21951,"date":"2024-04-30T16:29:43","date_gmt":"2024-04-30T14:29:43","guid":{"rendered":"https:\/\/www.dmd.eu\/?post_type=product&#038;p=21951"},"modified":"2025-12-02T00:13:51","modified_gmt":"2025-12-01T23:13:51","slug":"lattementa-retro","status":"publish","type":"product","link":"https:\/\/dmd.eu\/de\/prodotto\/jet-helme\/retro-helme\/lattementa-retro\/","title":{"rendered":"LATTEMENTA"},"content":{"rendered":"<p>Der <strong>Jet-Helm<\/strong> <strong>Retro Lattementa<\/strong> verf\u00fcgt \u00fcber diesen wundersch\u00f6nen Farbton, der aus der Kombination von Blau und Gr\u00fcn entsteht. Der perfekte Farbton f\u00fcr alle, die eine saubere, aber gleichzeitig helle und lustige Farbe suchen. Wenn Sie ein Custom, Vintage, Caf\u00e9 Racer, Harley Davidson, Triumph, BMW, Honda, Guzzi, Indian, Vespa oder Scooter fahren, tragen Sie den Jet-Helm Retro Lattementa.<\/p>\n","protected":false},"excerpt":{"rendered":"<p>Der Jet-Helm Retro Lattementa verf\u00fcgt \u00fcber diesen wundersch\u00f6nen Farbton, der aus der Kombination von Blau und Gr\u00fcn entsteht. Der perfekte Farbton f\u00fcr alle, die eine saubere, aber gleichzeitig helle und lustige Farbe suchen. Wenn Sie ein Custom, Vintage, Caf\u00e9 Racer, Harley Davidson, Triumph, BMW, Honda, Guzzi, Indian, Vespa oder Scooter fahren, tragen Sie den Jet-Helm [&hellip;]<\/p>\n","protected":false},"featured_media":41011,"comment_status":"closed","ping_status":"closed","template":"","meta":{"_acf_changed":false},"product_brand":[],"product_cat":[121,457],"product_tag":[],"giftcard-category":[],"class_list":{"0":"post-21951","1":"product","2":"type-product","3":"status-publish","4":"has-post-thumbnail","6":"product_cat-jet-helme","7":"product_cat-retro-helme","9":"first","10":"instock","11":"taxable","12":"shipping-taxable","13":"purchasable","14":"product-type-variable"},"acf":[],"jetpack_sharing_enabled":true,"_links":{"self":[{"href":"https:\/\/dmd.eu\/de\/wp-json\/wp\/v2\/product\/21951","targetHints":{"allow":["GET"]}}],"collection":[{"href":"https:\/\/dmd.eu\/de\/wp-json\/wp\/v2\/product"}],"about":[{"href":"https:\/\/dmd.eu\/de\/wp-json\/wp\/v2\/types\/product"}],"replies":[{"embeddable":true,"href":"https:\/\/dmd.eu\/de\/wp-json\/wp\/v2\/comments?post=21951"}],"wp:featuredmedia":[{"embeddable":true,"href":"https:\/\/dmd.eu\/de\/wp-json\/wp\/v2\/media\/41011"}],"wp:attachment":[{"href":"https:\/\/dmd.eu\/de\/wp-json\/wp\/v2\/media?parent=21951"}],"wp:term":[{"taxonomy":"product_brand","embeddable":true,"href":"https:\/\/dmd.eu\/de\/wp-json\/wp\/v2\/product_brand?post=21951"},{"taxonomy":"product_cat","embeddable":true,"href":"https:\/\/dmd.eu\/de\/wp-json\/wp\/v2\/product_cat?post=21951"},{"taxonomy":"product_tag","embeddable":true,"href":"https:\/\/dmd.eu\/de\/wp-json\/wp\/v2\/product_tag?post=21951"},{"taxonomy":"giftcard-category","embeddable":true,"href":"https:\/\/dmd.eu\/de\/wp-json\/wp\/v2\/giftcard-category?post=21951"}],"curies":[{"name":"wp","href":"https:\/\/api.w.org\/{rel}","templated":true}]}}