{"id":21882,"date":"2024-04-30T16:15:06","date_gmt":"2024-04-30T14:15:06","guid":{"rendered":"https:\/\/www.dmd.eu\/?post_type=product&#038;p=21882"},"modified":"2026-03-30T14:56:14","modified_gmt":"2026-03-30T12:56:14","slug":"deep-green-retro","status":"publish","type":"product","link":"https:\/\/dmd.eu\/de\/prodotto\/jet-helme\/retro-helme\/deep-green-retro\/","title":{"rendered":"DEEP GREEN"},"content":{"rendered":"<p>Der <strong>Jet-Helm Retro Deep Green<\/strong>\u00a0geh\u00f6rt zum einfarbigen Sortiment und hat eine gl\u00e4nzende gr\u00fcne Oberfl\u00e4che. Sicher, komfortabel und kompakt, passt es perfekt zu jeder Art von Motorrad, sei es Custom, Vintage oder Caf\u00e9 Racer.<\/p>\n","protected":false},"excerpt":{"rendered":"<p>Der Jet-Helm Retro Deep Green\u00a0geh\u00f6rt zum einfarbigen Sortiment und hat eine gl\u00e4nzende gr\u00fcne Oberfl\u00e4che. Sicher, komfortabel und kompakt, passt es perfekt zu jeder Art von Motorrad, sei es Custom, Vintage oder Caf\u00e9 Racer.<\/p>\n","protected":false},"featured_media":40986,"comment_status":"closed","ping_status":"closed","template":"","meta":{"_acf_changed":false},"product_brand":[],"product_cat":[121,457],"product_tag":[],"giftcard-category":[],"class_list":{"0":"post-21882","1":"product","2":"type-product","3":"status-publish","4":"has-post-thumbnail","6":"product_cat-jet-helme","7":"product_cat-retro-helme","9":"first","10":"instock","11":"taxable","12":"shipping-taxable","13":"purchasable","14":"product-type-variable"},"acf":[],"jetpack_sharing_enabled":true,"_links":{"self":[{"href":"https:\/\/dmd.eu\/de\/wp-json\/wp\/v2\/product\/21882","targetHints":{"allow":["GET"]}}],"collection":[{"href":"https:\/\/dmd.eu\/de\/wp-json\/wp\/v2\/product"}],"about":[{"href":"https:\/\/dmd.eu\/de\/wp-json\/wp\/v2\/types\/product"}],"replies":[{"embeddable":true,"href":"https:\/\/dmd.eu\/de\/wp-json\/wp\/v2\/comments?post=21882"}],"wp:featuredmedia":[{"embeddable":true,"href":"https:\/\/dmd.eu\/de\/wp-json\/wp\/v2\/media\/40986"}],"wp:attachment":[{"href":"https:\/\/dmd.eu\/de\/wp-json\/wp\/v2\/media?parent=21882"}],"wp:term":[{"taxonomy":"product_brand","embeddable":true,"href":"https:\/\/dmd.eu\/de\/wp-json\/wp\/v2\/product_brand?post=21882"},{"taxonomy":"product_cat","embeddable":true,"href":"https:\/\/dmd.eu\/de\/wp-json\/wp\/v2\/product_cat?post=21882"},{"taxonomy":"product_tag","embeddable":true,"href":"https:\/\/dmd.eu\/de\/wp-json\/wp\/v2\/product_tag?post=21882"},{"taxonomy":"giftcard-category","embeddable":true,"href":"https:\/\/dmd.eu\/de\/wp-json\/wp\/v2\/giftcard-category?post=21882"}],"curies":[{"name":"wp","href":"https:\/\/api.w.org\/{rel}","templated":true}]}}