{"id":21705,"date":"2024-04-30T16:05:57","date_gmt":"2024-04-30T14:05:57","guid":{"rendered":"https:\/\/www.dmd.eu\/?post_type=product&#038;p=21705"},"modified":"2026-01-27T13:51:25","modified_gmt":"2026-01-27T12:51:25","slug":"rainbow-violet-retro","status":"publish","type":"product","link":"https:\/\/dmd.eu\/de\/prodotto\/jet-helme\/retro-helme\/rainbow-violet-retro\/","title":{"rendered":"RAINBOW VIOLET"},"content":{"rendered":"<p>Der <strong>Jet-Helm Retro Rainbow Violet<\/strong>\u00a0ist einfach, aber wirkungsvoll dank der Glitzeroberfl\u00e4che, die eine einfarbige lila Basis vervollst\u00e4ndigt. Die Passform ist komfortabel und erf\u00fcllt alle modernen Sicherheitsanforderungen. Geeignet f\u00fcr diejenigen, die einfache Linien und ein unverzichtbares Design an Bord ihres Motorrads lieben.<\/p>\n","protected":false},"excerpt":{"rendered":"<p>Der Jet-Helm Retro Rainbow Violet\u00a0ist einfach, aber wirkungsvoll dank der Glitzeroberfl\u00e4che, die eine einfarbige lila Basis vervollst\u00e4ndigt. Die Passform ist komfortabel und erf\u00fcllt alle modernen Sicherheitsanforderungen. Geeignet f\u00fcr diejenigen, die einfache Linien und ein unverzichtbares Design an Bord ihres Motorrads lieben.<\/p>\n","protected":false},"featured_media":41153,"comment_status":"closed","ping_status":"closed","template":"","meta":{"_acf_changed":false},"product_brand":[],"product_cat":[121,457],"product_tag":[],"giftcard-category":[],"class_list":{"0":"post-21705","1":"product","2":"type-product","3":"status-publish","4":"has-post-thumbnail","6":"product_cat-jet-helme","7":"product_cat-retro-helme","9":"first","10":"instock","11":"taxable","12":"shipping-taxable","13":"purchasable","14":"product-type-variable"},"acf":[],"jetpack_sharing_enabled":true,"_links":{"self":[{"href":"https:\/\/dmd.eu\/de\/wp-json\/wp\/v2\/product\/21705","targetHints":{"allow":["GET"]}}],"collection":[{"href":"https:\/\/dmd.eu\/de\/wp-json\/wp\/v2\/product"}],"about":[{"href":"https:\/\/dmd.eu\/de\/wp-json\/wp\/v2\/types\/product"}],"replies":[{"embeddable":true,"href":"https:\/\/dmd.eu\/de\/wp-json\/wp\/v2\/comments?post=21705"}],"wp:featuredmedia":[{"embeddable":true,"href":"https:\/\/dmd.eu\/de\/wp-json\/wp\/v2\/media\/41153"}],"wp:attachment":[{"href":"https:\/\/dmd.eu\/de\/wp-json\/wp\/v2\/media?parent=21705"}],"wp:term":[{"taxonomy":"product_brand","embeddable":true,"href":"https:\/\/dmd.eu\/de\/wp-json\/wp\/v2\/product_brand?post=21705"},{"taxonomy":"product_cat","embeddable":true,"href":"https:\/\/dmd.eu\/de\/wp-json\/wp\/v2\/product_cat?post=21705"},{"taxonomy":"product_tag","embeddable":true,"href":"https:\/\/dmd.eu\/de\/wp-json\/wp\/v2\/product_tag?post=21705"},{"taxonomy":"giftcard-category","embeddable":true,"href":"https:\/\/dmd.eu\/de\/wp-json\/wp\/v2\/giftcard-category?post=21705"}],"curies":[{"name":"wp","href":"https:\/\/api.w.org\/{rel}","templated":true}]}}