{"id":21587,"date":"2024-04-30T15:48:41","date_gmt":"2024-04-30T13:48:41","guid":{"rendered":"https:\/\/www.dmd.eu\/?post_type=product&#038;p=21587"},"modified":"2025-12-15T18:12:32","modified_gmt":"2025-12-15T17:12:32","slug":"rainbow-retro","status":"publish","type":"product","link":"https:\/\/dmd.eu\/de\/prodotto\/jet-helme\/retro-helme\/rainbow-retro\/","title":{"rendered":"RAINBOW"},"content":{"rendered":"<p>Der <strong>Jet-Helm Retro Rainbow<\/strong>\u00a0ist einfach, aber wirkungsvoll dank der Glitzeroberfl\u00e4che, die eine einfarbige silberne Basis vervollst\u00e4ndigt. Die Passform ist komfortabel und erf\u00fcllt alle modernen Sicherheitsanforderungen. Geeignet f\u00fcr diejenigen, die einfache Linien und ein unverzichtbares Design an Bord ihres Motorrads lieben.<\/p>\n","protected":false},"excerpt":{"rendered":"<p>Der Jet-Helm Retro Rainbow\u00a0ist einfach, aber wirkungsvoll dank der Glitzeroberfl\u00e4che, die eine einfarbige silberne Basis vervollst\u00e4ndigt. Die Passform ist komfortabel und erf\u00fcllt alle modernen Sicherheitsanforderungen. Geeignet f\u00fcr diejenigen, die einfache Linien und ein unverzichtbares Design an Bord ihres Motorrads lieben.<\/p>\n","protected":false},"featured_media":40061,"comment_status":"closed","ping_status":"closed","template":"","meta":{"_acf_changed":false},"product_brand":[],"product_cat":[121,457],"product_tag":[],"giftcard-category":[],"class_list":{"0":"post-21587","1":"product","2":"type-product","3":"status-publish","4":"has-post-thumbnail","6":"product_cat-jet-helme","7":"product_cat-retro-helme","9":"first","10":"instock","11":"taxable","12":"shipping-taxable","13":"purchasable","14":"product-type-variable"},"acf":[],"jetpack_sharing_enabled":true,"_links":{"self":[{"href":"https:\/\/dmd.eu\/de\/wp-json\/wp\/v2\/product\/21587","targetHints":{"allow":["GET"]}}],"collection":[{"href":"https:\/\/dmd.eu\/de\/wp-json\/wp\/v2\/product"}],"about":[{"href":"https:\/\/dmd.eu\/de\/wp-json\/wp\/v2\/types\/product"}],"replies":[{"embeddable":true,"href":"https:\/\/dmd.eu\/de\/wp-json\/wp\/v2\/comments?post=21587"}],"wp:featuredmedia":[{"embeddable":true,"href":"https:\/\/dmd.eu\/de\/wp-json\/wp\/v2\/media\/40061"}],"wp:attachment":[{"href":"https:\/\/dmd.eu\/de\/wp-json\/wp\/v2\/media?parent=21587"}],"wp:term":[{"taxonomy":"product_brand","embeddable":true,"href":"https:\/\/dmd.eu\/de\/wp-json\/wp\/v2\/product_brand?post=21587"},{"taxonomy":"product_cat","embeddable":true,"href":"https:\/\/dmd.eu\/de\/wp-json\/wp\/v2\/product_cat?post=21587"},{"taxonomy":"product_tag","embeddable":true,"href":"https:\/\/dmd.eu\/de\/wp-json\/wp\/v2\/product_tag?post=21587"},{"taxonomy":"giftcard-category","embeddable":true,"href":"https:\/\/dmd.eu\/de\/wp-json\/wp\/v2\/giftcard-category?post=21587"}],"curies":[{"name":"wp","href":"https:\/\/api.w.org\/{rel}","templated":true}]}}