{"id":20458,"date":"2024-04-29T09:28:24","date_gmt":"2024-04-29T07:28:24","guid":{"rendered":"https:\/\/www.dmd.eu\/?post_type=product&#038;p=20458"},"modified":"2025-12-02T00:13:58","modified_gmt":"2025-12-01T23:13:58","slug":"curve-retro","status":"publish","type":"product","link":"https:\/\/dmd.eu\/de\/prodotto\/jet-helme\/retro-helme\/curve-retro\/","title":{"rendered":"CURVE"},"content":{"rendered":"<p>Der <strong>Jet-Helm Retro Curve<\/strong>\u00a0zeichnet sich durch eine gl\u00e4nzende graue Basis mit Farblinien aus, die typisch f\u00fcr die legend\u00e4ren achtziger Jahre sind. Fahren Sie mit Ihrem Motorrad Custom, Vintage, Caf\u00e9 Racer, Harley Davidson, Triumph, BMW, Honda, Guzzi, Indian, erleben Sie Ihren Tag mit Energie, indem Sie ohne Risiko aus der Monotonie herauskommen.<\/p>\n","protected":false},"excerpt":{"rendered":"<p>Der Jet-Helm Retro Curve\u00a0zeichnet sich durch eine gl\u00e4nzende graue Basis mit Farblinien aus, die typisch f\u00fcr die legend\u00e4ren achtziger Jahre sind. Fahren Sie mit Ihrem Motorrad Custom, Vintage, Caf\u00e9 Racer, Harley Davidson, Triumph, BMW, Honda, Guzzi, Indian, erleben Sie Ihren Tag mit Energie, indem Sie ohne Risiko aus der Monotonie herauskommen.<\/p>\n","protected":false},"featured_media":49062,"comment_status":"closed","ping_status":"closed","template":"","meta":{"_acf_changed":false},"product_brand":[],"product_cat":[121,457],"product_tag":[],"giftcard-category":[],"class_list":{"0":"post-20458","1":"product","2":"type-product","3":"status-publish","4":"has-post-thumbnail","6":"product_cat-jet-helme","7":"product_cat-retro-helme","9":"first","10":"instock","11":"taxable","12":"shipping-taxable","13":"purchasable","14":"product-type-variable"},"acf":[],"jetpack_sharing_enabled":true,"_links":{"self":[{"href":"https:\/\/dmd.eu\/de\/wp-json\/wp\/v2\/product\/20458","targetHints":{"allow":["GET"]}}],"collection":[{"href":"https:\/\/dmd.eu\/de\/wp-json\/wp\/v2\/product"}],"about":[{"href":"https:\/\/dmd.eu\/de\/wp-json\/wp\/v2\/types\/product"}],"replies":[{"embeddable":true,"href":"https:\/\/dmd.eu\/de\/wp-json\/wp\/v2\/comments?post=20458"}],"wp:featuredmedia":[{"embeddable":true,"href":"https:\/\/dmd.eu\/de\/wp-json\/wp\/v2\/media\/49062"}],"wp:attachment":[{"href":"https:\/\/dmd.eu\/de\/wp-json\/wp\/v2\/media?parent=20458"}],"wp:term":[{"taxonomy":"product_brand","embeddable":true,"href":"https:\/\/dmd.eu\/de\/wp-json\/wp\/v2\/product_brand?post=20458"},{"taxonomy":"product_cat","embeddable":true,"href":"https:\/\/dmd.eu\/de\/wp-json\/wp\/v2\/product_cat?post=20458"},{"taxonomy":"product_tag","embeddable":true,"href":"https:\/\/dmd.eu\/de\/wp-json\/wp\/v2\/product_tag?post=20458"},{"taxonomy":"giftcard-category","embeddable":true,"href":"https:\/\/dmd.eu\/de\/wp-json\/wp\/v2\/giftcard-category?post=20458"}],"curies":[{"name":"wp","href":"https:\/\/api.w.org\/{rel}","templated":true}]}}