{"id":20268,"date":"2024-04-26T17:15:04","date_gmt":"2024-04-26T15:15:04","guid":{"rendered":"https:\/\/www.dmd.eu\/?post_type=product&#038;p=20268"},"modified":"2025-12-02T00:13:59","modified_gmt":"2025-12-01T23:13:59","slug":"goodwood-retro","status":"publish","type":"product","link":"https:\/\/dmd.eu\/de\/prodotto\/jet-helme\/retro-helme\/goodwood-retro\/","title":{"rendered":"GOODWOOD"},"content":{"rendered":"<p>Der <strong>Jet-Helm Retro Goodwood<\/strong> ist Teil der DMD Jet Retro Helmkollektion. Mit einer gl\u00e4nzenden wei\u00dfen Grundgrafik verdankt sie ihre Besonderheit der Hinzuf\u00fcgung eines dunkelgr\u00fcnen Streifens, der alle Seiten durchzieht. Der Jet-Helm Retro Goodwood feiert Geschwindigkeit und Retro-Stil, weshalb er sich perfekt f\u00fcr verschiedene Motorradstile eignet, darunter Custom, Vintage, Caf\u00e9 Racer oder Roller.<\/p>\n","protected":false},"excerpt":{"rendered":"<p>Der Jet-Helm Retro Goodwood ist Teil der DMD Jet Retro Helmkollektion. Mit einer gl\u00e4nzenden wei\u00dfen Grundgrafik verdankt sie ihre Besonderheit der Hinzuf\u00fcgung eines dunkelgr\u00fcnen Streifens, der alle Seiten durchzieht. Der Jet-Helm Retro Goodwood feiert Geschwindigkeit und Retro-Stil, weshalb er sich perfekt f\u00fcr verschiedene Motorradstile eignet, darunter Custom, Vintage, Caf\u00e9 Racer oder Roller.<\/p>\n","protected":false},"featured_media":41360,"comment_status":"closed","ping_status":"closed","template":"","meta":{"_acf_changed":false},"product_brand":[],"product_cat":[121,457],"product_tag":[],"giftcard-category":[],"class_list":{"0":"post-20268","1":"product","2":"type-product","3":"status-publish","4":"has-post-thumbnail","6":"product_cat-jet-helme","7":"product_cat-retro-helme","9":"first","10":"instock","11":"taxable","12":"shipping-taxable","13":"purchasable","14":"product-type-variable"},"acf":[],"jetpack_sharing_enabled":true,"_links":{"self":[{"href":"https:\/\/dmd.eu\/de\/wp-json\/wp\/v2\/product\/20268","targetHints":{"allow":["GET"]}}],"collection":[{"href":"https:\/\/dmd.eu\/de\/wp-json\/wp\/v2\/product"}],"about":[{"href":"https:\/\/dmd.eu\/de\/wp-json\/wp\/v2\/types\/product"}],"replies":[{"embeddable":true,"href":"https:\/\/dmd.eu\/de\/wp-json\/wp\/v2\/comments?post=20268"}],"wp:featuredmedia":[{"embeddable":true,"href":"https:\/\/dmd.eu\/de\/wp-json\/wp\/v2\/media\/41360"}],"wp:attachment":[{"href":"https:\/\/dmd.eu\/de\/wp-json\/wp\/v2\/media?parent=20268"}],"wp:term":[{"taxonomy":"product_brand","embeddable":true,"href":"https:\/\/dmd.eu\/de\/wp-json\/wp\/v2\/product_brand?post=20268"},{"taxonomy":"product_cat","embeddable":true,"href":"https:\/\/dmd.eu\/de\/wp-json\/wp\/v2\/product_cat?post=20268"},{"taxonomy":"product_tag","embeddable":true,"href":"https:\/\/dmd.eu\/de\/wp-json\/wp\/v2\/product_tag?post=20268"},{"taxonomy":"giftcard-category","embeddable":true,"href":"https:\/\/dmd.eu\/de\/wp-json\/wp\/v2\/giftcard-category?post=20268"}],"curies":[{"name":"wp","href":"https:\/\/api.w.org\/{rel}","templated":true}]}}